{"id":1453,"date":"2026-01-14T14:15:01","date_gmt":"2026-01-14T19:15:01","guid":{"rendered":"https:\/\/core.uqam.ca\/contact\/"},"modified":"2026-01-14T22:12:34","modified_gmt":"2026-01-15T03:12:34","slug":"contact","status":"publish","type":"page","link":"https:\/\/core.uqam.ca\/en\/contact\/","title":{"rendered":"Contact us"},"content":{"rendered":"\n<p><\/p>\n\n\n\n<h3 class=\"wp-block-heading\"><strong>Doctoral students<\/strong><\/h3>\n\n\n\n<p>Juliette Careau<br><a href=\"mailto:careau.juliette@courrier.uqam.ca\" target=\"_blank\" rel=\"noreferrer noopener\">careau.juliette@courrier.uqam.ca<\/a> <\/p>\n\n\n\n<p>Clara de Co\u00ebtlogon Claveau <br><a href=\"mailto:de_coetlogon-claveau.clara@courrier.uqam.ca\" target=\"_blank\" rel=\"noreferrer noopener\">de_coetlogon-claveau.clara@courrier.uqam.ca<\/a><\/p>\n\n\n\n<p>Laeticia Fatima Gibbs<br><a href=\"mailto:gibbs.laeticia_fatima@courrier.uqam.ca\" target=\"_blank\" rel=\"noreferrer noopener\">gibbs.laeticia_fatima@courrier.uqam.ca<\/a><\/p>\n\n\n\n<p>Annika Roz\u00e9fort<br><a href=\"mailto:rozefort.annika@courrier.uqam.ca\" target=\"_blank\" rel=\"noreferrer noopener\">rozefort.annika@courrier.uqam.ca<\/a><\/p>\n\n\n\n<p><\/p>\n\n\n\n<p><\/p>\n\n\n\n<h2 class=\"wp-block-heading\"><\/h2>\n\n\n\n<div class=\"wp-block-media-text is-stacked-on-mobile\"><figure class=\"wp-block-media-text__media\"><\/figure><div class=\"wp-block-media-text__content\">\n<p><\/p>\n<\/div><\/div>\n\n\n\n<h2 class=\"wp-block-heading\"><\/h2>\n\n\n\n<h2 class=\"wp-block-heading\"><\/h2>\n\n\n\n<h2 class=\"wp-block-heading\">Suivez-nous sur les r\u00e9seaux sociaux<\/h2>\n\n\n\n<div class=\"wp-block-group\"><div class=\"wp-block-group__inner-container is-layout-constrained wp-block-group-is-layout-constrained\">\n<div class=\"wp-block-group\"><div class=\"wp-block-group__inner-container is-layout-constrained wp-block-group-is-layout-constrained\">\n<div class=\"wp-block-group\"><div class=\"wp-block-group__inner-container is-layout-constrained wp-block-group-is-layout-constrained\">\n<div class=\"wp-block-columns is-layout-flex wp-container-core-columns-is-layout-9d6595d7 wp-block-columns-is-layout-flex\">\n<div class=\"wp-block-column is-layout-flow wp-block-column-is-layout-flow\">\n<div class=\"wp-block-columns is-layout-flex wp-container-core-columns-is-layout-9d6595d7 wp-block-columns-is-layout-flex\">\n<div class=\"wp-block-column is-layout-flow wp-block-column-is-layout-flow\">\n<div class=\"wp-block-columns is-layout-flex wp-container-core-columns-is-layout-9d6595d7 wp-block-columns-is-layout-flex\">\n<div class=\"wp-block-column is-layout-flow wp-block-column-is-layout-flow\">\n<figure class=\"wp-block-image size-full\"><a href=\"https:\/\/www.facebook.com\/people\/Labo-CORE-Cognitions-Relations\/61575818403222\/\" target=\"_blank\" rel=\" noreferrer noopener\"><img loading=\"lazy\" decoding=\"async\" width=\"512\" height=\"512\" src=\"https:\/\/core.uqam.ca\/wp-content\/uploads\/sites\/102\/2026\/01\/facebook-2.png\" alt=\"\" class=\"wp-image-1614\" srcset=\"https:\/\/core.uqam.ca\/wp-content\/uploads\/sites\/102\/2026\/01\/facebook-2.png 512w, https:\/\/core.uqam.ca\/wp-content\/uploads\/sites\/102\/2026\/01\/facebook-2-300x300.png 300w, https:\/\/core.uqam.ca\/wp-content\/uploads\/sites\/102\/2026\/01\/facebook-2-150x150.png 150w\" sizes=\"auto, (max-width: 512px) 100vw, 512px\" \/><\/a><\/figure>\n<\/div>\n\n\n\n<div class=\"wp-block-column is-layout-flow wp-block-column-is-layout-flow\">\n<figure class=\"wp-block-image size-full\"><a href=\"https:\/\/medium.com\/@core.labo.uqam\" target=\"_blank\" rel=\" noreferrer noopener\"><img loading=\"lazy\" decoding=\"async\" width=\"512\" height=\"512\" src=\"https:\/\/core.uqam.ca\/wp-content\/uploads\/sites\/102\/2026\/01\/lettre-m.png\" alt=\"\" class=\"wp-image-1611\" srcset=\"https:\/\/core.uqam.ca\/wp-content\/uploads\/sites\/102\/2026\/01\/lettre-m.png 512w, https:\/\/core.uqam.ca\/wp-content\/uploads\/sites\/102\/2026\/01\/lettre-m-300x300.png 300w, https:\/\/core.uqam.ca\/wp-content\/uploads\/sites\/102\/2026\/01\/lettre-m-150x150.png 150w\" sizes=\"auto, (max-width: 512px) 100vw, 512px\" \/><\/a><\/figure>\n<\/div>\n<\/div>\n<\/div>\n\n\n\n<div class=\"wp-block-column is-layout-flow wp-block-column-is-layout-flow\"><\/div>\n\n\n\n<div class=\"wp-block-column is-layout-flow wp-block-column-is-layout-flow\"><\/div>\n<\/div>\n<\/div>\n\n\n\n<div class=\"wp-block-column is-layout-flow wp-block-column-is-layout-flow\"><\/div>\n<\/div>\n<\/div><\/div>\n<\/div><\/div>\n<\/div><\/div>\n\n\n\n<p><\/p>\n","protected":false},"excerpt":{"rendered":"<p>Doctoral students Juliette Careaucareau.juliette@courrier.uqam.ca Clara de Co\u00ebtlogon Claveau de_coetlogon-claveau.clara@courrier.uqam.ca Laeticia Fatima Gibbsgibbs.laeticia_fatima@courrier.uqam.ca Annika Roz\u00e9fortrozefort.annika@courrier.uqam.ca Suivez-nous sur les r\u00e9seaux sociaux<\/p>\n","protected":false},"author":622,"featured_media":0,"parent":0,"menu_order":0,"comment_status":"closed","ping_status":"closed","template":"","meta":{"footnotes":""},"categories":[],"class_list":["post-1453","page","type-page","status-publish","hentry"],"yoast_head":"<!-- This site is optimized with the Yoast SEO Premium plugin v27.4 (Yoast SEO v27.4) - https:\/\/yoast.com\/product\/yoast-seo-premium-wordpress\/ -->\n<title>Contact us | Laboratoire cognitions et relations | UQAM<\/title>\n<meta name=\"robots\" content=\"index, follow, max-snippet:-1, max-image-preview:large, max-video-preview:-1\" \/>\n<link rel=\"canonical\" href=\"https:\/\/core.uqam.ca\/en\/contact\/\" \/>\n<meta property=\"og:locale\" content=\"en_US\" \/>\n<meta property=\"og:type\" content=\"article\" \/>\n<meta property=\"og:title\" content=\"Contact us\" \/>\n<meta property=\"og:description\" content=\"Doctoral students Juliette Careaucareau.juliette@courrier.uqam.ca Clara de Co\u00ebtlogon Claveau de_coetlogon-claveau.clara@courrier.uqam.ca Laeticia Fatima Gibbsgibbs.laeticia_fatima@courrier.uqam.ca Annika Roz\u00e9fortrozefort.annika@courrier.uqam.ca Suivez-nous sur les r\u00e9seaux sociaux\" \/>\n<meta property=\"og:url\" content=\"https:\/\/core.uqam.ca\/en\/contact\/\" \/>\n<meta property=\"og:site_name\" content=\"Laboratoire cognitions et relations\" \/>\n<meta property=\"article:modified_time\" content=\"2026-01-15T03:12:34+00:00\" \/>\n<meta property=\"og:image\" content=\"https:\/\/core.uqam.ca\/wp-content\/uploads\/sites\/102\/2026\/01\/facebook-2.png\" \/>\n\t<meta property=\"og:image:width\" content=\"512\" \/>\n\t<meta property=\"og:image:height\" content=\"512\" \/>\n\t<meta property=\"og:image:type\" content=\"image\/png\" \/>\n<meta name=\"twitter:card\" content=\"summary_large_image\" \/>\n<meta name=\"twitter:label1\" content=\"Est. reading time\" \/>\n\t<meta name=\"twitter:data1\" content=\"1 minute\" \/>\n<script type=\"application\/ld+json\" class=\"yoast-schema-graph\">{\"@context\":\"https:\\\/\\\/schema.org\",\"@graph\":[{\"@type\":\"WebPage\",\"@id\":\"https:\\\/\\\/core.uqam.ca\\\/en\\\/contact\\\/\",\"url\":\"https:\\\/\\\/core.uqam.ca\\\/en\\\/contact\\\/\",\"name\":\"Contact us | Laboratoire cognitions et relations | UQAM\",\"isPartOf\":{\"@id\":\"https:\\\/\\\/core.uqam.ca\\\/#website\"},\"primaryImageOfPage\":{\"@id\":\"https:\\\/\\\/core.uqam.ca\\\/en\\\/contact\\\/#primaryimage\"},\"image\":{\"@id\":\"https:\\\/\\\/core.uqam.ca\\\/en\\\/contact\\\/#primaryimage\"},\"thumbnailUrl\":\"https:\\\/\\\/core.uqam.ca\\\/wp-content\\\/uploads\\\/sites\\\/102\\\/2026\\\/01\\\/facebook-2.png\",\"datePublished\":\"2026-01-14T19:15:01+00:00\",\"dateModified\":\"2026-01-15T03:12:34+00:00\",\"breadcrumb\":{\"@id\":\"https:\\\/\\\/core.uqam.ca\\\/en\\\/contact\\\/#breadcrumb\"},\"inLanguage\":\"en-US\",\"potentialAction\":[{\"@type\":\"ReadAction\",\"target\":[\"https:\\\/\\\/core.uqam.ca\\\/en\\\/contact\\\/\"]}]},{\"@type\":\"ImageObject\",\"inLanguage\":\"en-US\",\"@id\":\"https:\\\/\\\/core.uqam.ca\\\/en\\\/contact\\\/#primaryimage\",\"url\":\"https:\\\/\\\/core.uqam.ca\\\/wp-content\\\/uploads\\\/sites\\\/102\\\/2026\\\/01\\\/facebook-2.png\",\"contentUrl\":\"https:\\\/\\\/core.uqam.ca\\\/wp-content\\\/uploads\\\/sites\\\/102\\\/2026\\\/01\\\/facebook-2.png\"},{\"@type\":\"BreadcrumbList\",\"@id\":\"https:\\\/\\\/core.uqam.ca\\\/en\\\/contact\\\/#breadcrumb\",\"itemListElement\":[{\"@type\":\"ListItem\",\"position\":1,\"name\":\"UQAM\",\"item\":\"https:\\\/\\\/uqam.ca\"},{\"@type\":\"ListItem\",\"position\":2,\"name\":\"Laboratoire cognitions et relations\",\"item\":\"https:\\\/\\\/core.uqam.ca\\\/en\\\/\"},{\"@type\":\"ListItem\",\"position\":3,\"name\":\"Contact us\"}]},{\"@type\":\"WebSite\",\"@id\":\"https:\\\/\\\/core.uqam.ca\\\/#website\",\"url\":\"https:\\\/\\\/core.uqam.ca\\\/\",\"name\":\"Laboratoire cognitions et relations\",\"description\":\"\",\"publisher\":{\"@id\":\"https:\\\/\\\/core.uqam.ca\\\/#organization\"},\"potentialAction\":[{\"@type\":\"SearchAction\",\"target\":{\"@type\":\"EntryPoint\",\"urlTemplate\":\"https:\\\/\\\/core.uqam.ca\\\/en\\\/\\\/recherche\\\/?q={search_term_string}\"},\"query-input\":{\"@type\":\"PropertyValueSpecification\",\"valueRequired\":true,\"valueName\":\"search_term_string\"}}],\"inLanguage\":\"en-US\"},{\"@type\":\"Organization\",\"@id\":\"https:\\\/\\\/core.uqam.ca\\\/#organization\",\"name\":\"Laboratoire cognitions et relations\",\"url\":\"https:\\\/\\\/core.uqam.ca\\\/\",\"logo\":{\"@type\":\"ImageObject\",\"inLanguage\":\"en-US\",\"@id\":\"https:\\\/\\\/core.uqam.ca\\\/#\\\/schema\\\/logo\\\/image\\\/\",\"url\":\"https:\\\/\\\/gabarit-adaptatif.uqam.ca\\\/statique\\\/images\\\/logo-uqam.jpg\",\"contentUrl\":\"\",\"caption\":\"Laboratoire cognitions et relations\"},\"image\":{\"@id\":\"https:\\\/\\\/core.uqam.ca\\\/#\\\/schema\\\/logo\\\/image\\\/\"},\"parentOrganization\":{\"@type\":\"EducationalOrganization\",\"@id\":\"https:\\\/\\\/uqam.ca\\\/#organization\",\"name\":\"Universit\u00e9 du Qu\u00e9bec \u00e0 Montr\u00e9al\",\"url\":\"https:\\\/\\\/uqam.ca\",\"alternateName\":\"UQAM\",\"logo\":\"https:\\\/\\\/gabarit-adaptatif.uqam.ca\\\/statique\\\/images\\\/logo-uqam.jpg\"}}]}<\/script>\n<!-- \/ Yoast SEO Premium plugin. -->","yoast_head_json":{"title":"Contact us | Laboratoire cognitions et relations | UQAM","robots":{"index":"index","follow":"follow","max-snippet":"max-snippet:-1","max-image-preview":"max-image-preview:large","max-video-preview":"max-video-preview:-1"},"canonical":"https:\/\/core.uqam.ca\/en\/contact\/","og_locale":"en_US","og_type":"article","og_title":"Contact us","og_description":"Doctoral students Juliette Careaucareau.juliette@courrier.uqam.ca Clara de Co\u00ebtlogon Claveau de_coetlogon-claveau.clara@courrier.uqam.ca Laeticia Fatima Gibbsgibbs.laeticia_fatima@courrier.uqam.ca Annika Roz\u00e9fortrozefort.annika@courrier.uqam.ca Suivez-nous sur les r\u00e9seaux sociaux","og_url":"https:\/\/core.uqam.ca\/en\/contact\/","og_site_name":"Laboratoire cognitions et relations","article_modified_time":"2026-01-15T03:12:34+00:00","og_image":[{"width":512,"height":512,"url":"https:\/\/core.uqam.ca\/wp-content\/uploads\/sites\/102\/2026\/01\/facebook-2.png","type":"image\/png"}],"twitter_card":"summary_large_image","twitter_misc":{"Est. reading time":"1 minute"},"schema":{"@context":"https:\/\/schema.org","@graph":[{"@type":"WebPage","@id":"https:\/\/core.uqam.ca\/en\/contact\/","url":"https:\/\/core.uqam.ca\/en\/contact\/","name":"Contact us | Laboratoire cognitions et relations | UQAM","isPartOf":{"@id":"https:\/\/core.uqam.ca\/#website"},"primaryImageOfPage":{"@id":"https:\/\/core.uqam.ca\/en\/contact\/#primaryimage"},"image":{"@id":"https:\/\/core.uqam.ca\/en\/contact\/#primaryimage"},"thumbnailUrl":"https:\/\/core.uqam.ca\/wp-content\/uploads\/sites\/102\/2026\/01\/facebook-2.png","datePublished":"2026-01-14T19:15:01+00:00","dateModified":"2026-01-15T03:12:34+00:00","breadcrumb":{"@id":"https:\/\/core.uqam.ca\/en\/contact\/#breadcrumb"},"inLanguage":"en-US","potentialAction":[{"@type":"ReadAction","target":["https:\/\/core.uqam.ca\/en\/contact\/"]}]},{"@type":"ImageObject","inLanguage":"en-US","@id":"https:\/\/core.uqam.ca\/en\/contact\/#primaryimage","url":"https:\/\/core.uqam.ca\/wp-content\/uploads\/sites\/102\/2026\/01\/facebook-2.png","contentUrl":"https:\/\/core.uqam.ca\/wp-content\/uploads\/sites\/102\/2026\/01\/facebook-2.png"},{"@type":"BreadcrumbList","@id":"https:\/\/core.uqam.ca\/en\/contact\/#breadcrumb","itemListElement":[{"@type":"ListItem","position":1,"name":"UQAM","item":"https:\/\/uqam.ca"},{"@type":"ListItem","position":2,"name":"Laboratoire cognitions et relations","item":"https:\/\/core.uqam.ca\/en\/"},{"@type":"ListItem","position":3,"name":"Contact us"}]},{"@type":"WebSite","@id":"https:\/\/core.uqam.ca\/#website","url":"https:\/\/core.uqam.ca\/","name":"Laboratoire cognitions et relations","description":"","publisher":{"@id":"https:\/\/core.uqam.ca\/#organization"},"potentialAction":[{"@type":"SearchAction","target":{"@type":"EntryPoint","urlTemplate":"https:\/\/core.uqam.ca\/en\/\/recherche\/?q={search_term_string}"},"query-input":{"@type":"PropertyValueSpecification","valueRequired":true,"valueName":"search_term_string"}}],"inLanguage":"en-US"},{"@type":"Organization","@id":"https:\/\/core.uqam.ca\/#organization","name":"Laboratoire cognitions et relations","url":"https:\/\/core.uqam.ca\/","logo":{"@type":"ImageObject","inLanguage":"en-US","@id":"https:\/\/core.uqam.ca\/#\/schema\/logo\/image\/","url":"https:\/\/gabarit-adaptatif.uqam.ca\/statique\/images\/logo-uqam.jpg","contentUrl":"","caption":"Laboratoire cognitions et relations"},"image":{"@id":"https:\/\/core.uqam.ca\/#\/schema\/logo\/image\/"},"parentOrganization":{"@type":"EducationalOrganization","@id":"https:\/\/uqam.ca\/#organization","name":"Universit\u00e9 du Qu\u00e9bec \u00e0 Montr\u00e9al","url":"https:\/\/uqam.ca","alternateName":"UQAM","logo":"https:\/\/gabarit-adaptatif.uqam.ca\/statique\/images\/logo-uqam.jpg"}}]}},"_links":{"self":[{"href":"https:\/\/core.uqam.ca\/en\/wp-json\/wp\/v2\/pages\/1453","targetHints":{"allow":["GET"]}}],"collection":[{"href":"https:\/\/core.uqam.ca\/en\/wp-json\/wp\/v2\/pages"}],"about":[{"href":"https:\/\/core.uqam.ca\/en\/wp-json\/wp\/v2\/types\/page"}],"author":[{"embeddable":true,"href":"https:\/\/core.uqam.ca\/en\/wp-json\/wp\/v2\/users\/622"}],"replies":[{"embeddable":true,"href":"https:\/\/core.uqam.ca\/en\/wp-json\/wp\/v2\/comments?post=1453"}],"version-history":[{"count":10,"href":"https:\/\/core.uqam.ca\/en\/wp-json\/wp\/v2\/pages\/1453\/revisions"}],"predecessor-version":[{"id":1628,"href":"https:\/\/core.uqam.ca\/en\/wp-json\/wp\/v2\/pages\/1453\/revisions\/1628"}],"wp:attachment":[{"href":"https:\/\/core.uqam.ca\/en\/wp-json\/wp\/v2\/media?parent=1453"}],"wp:term":[{"taxonomy":"category","embeddable":true,"href":"https:\/\/core.uqam.ca\/en\/wp-json\/wp\/v2\/categories?post=1453"}],"curies":[{"name":"wp","href":"https:\/\/api.w.org\/{rel}","templated":true}]}}