{"id":370,"date":"2023-06-24T16:53:43","date_gmt":"2023-06-24T20:53:43","guid":{"rendered":"https:\/\/core.uqam.ca\/home-2\/"},"modified":"2026-01-14T22:20:32","modified_gmt":"2026-01-15T03:20:32","slug":"home","status":"publish","type":"page","link":"https:\/\/core.uqam.ca\/en\/","title":{"rendered":""},"content":{"rendered":"\n<p>Welcome to the website of the CORE laboratory \u2013 the social and cognitive research laboratory on Cognitions &amp; Relations at <a href=\"https:\/\/uqam.ca\/\" target=\"_blank\" rel=\"noreferrer noopener\">UQAM<\/a>. <\/p>\n\n\n\n<p>Our office is located at UQAM&#8217;s Adrien-Pinard pavilion, room SU-4370.<\/p>\n\n\n\n<figure class=\"wp-block-image size-full is-resized\"><a href=\"https:\/\/plancampus.uqam.ca\/pavillon-su\" target=\"_blank\" rel=\" noreferrer noopener\"><img loading=\"lazy\" decoding=\"async\" width=\"512\" height=\"512\" src=\"https:\/\/core.uqam.ca\/wp-content\/uploads\/sites\/102\/2026\/01\/broche-de-localisation.png\" alt=\"\" class=\"wp-image-1632\" style=\"width:43px;height:auto\" srcset=\"https:\/\/core.uqam.ca\/wp-content\/uploads\/sites\/102\/2026\/01\/broche-de-localisation.png 512w, https:\/\/core.uqam.ca\/wp-content\/uploads\/sites\/102\/2026\/01\/broche-de-localisation-300x300.png 300w, https:\/\/core.uqam.ca\/wp-content\/uploads\/sites\/102\/2026\/01\/broche-de-localisation-150x150.png 150w\" sizes=\"auto, (max-width: 512px) 100vw, 512px\" \/><\/a><figcaption class=\"wp-element-caption\"><a href=\"https:\/\/plancampus.uqam.ca\/pavillon-su\" target=\"_blank\" rel=\"noreferrer noopener\">Map<\/a><\/figcaption><\/figure>\n\n\n\n<p>At the CORE lab, we are interested in the interplay between fundamental cognitive processes (such as attention, perception, and representations) and complex social dynamics (such as social discrimination, leadership, and affective relationships).<\/p>\n\n\n\n<p>Please visit our People page to meet the <a href=\"https:\/\/core.uqam.ca\/en\/people\/lab-director\/\" target=\"_blank\" rel=\"noreferrer noopener\">lab director<\/a> and our <a href=\"https:\/\/core.uqam.ca\/en\/people\/students\/\" target=\"_blank\" rel=\"noreferrer noopener\">dynamic team<\/a>! Information on our ongoing studies can be found on the Research page (<a href=\"https:\/\/core.uqam.ca\/en\/research\/current-projects\/\" target=\"_blank\" rel=\"noreferrer noopener\">current<\/a> and <a href=\"https:\/\/core.uqam.ca\/en\/research\/past-projects\/\" target=\"_blank\" rel=\"noreferrer noopener\">past<\/a> projects) and the <a href=\"https:\/\/core.uqam.ca\/en\/news\/\" target=\"_blank\" rel=\"noreferrer noopener\">News<\/a> page. If you would like to apply to work with us, the <a href=\"https:\/\/core.uqam.ca\/en\/participate-2\/\" target=\"_blank\" rel=\"noreferrer noopener\">Participate<\/a> page is the right place for you!<\/p>\n\n\n\n<p><em>We also point out that the University of Quebec in Montreal is located on unceded Indigenous lands. Tiohti\u00e0:ke\/Montr\u00e9al has long been a place of encounter and exchange between various First Nations, including the Haudenosaunee, the Huron-Wendat, the Mohawks, and the Iroquoians of the St. Lawrence.<\/em><\/p>\n\n\n\n<p>We try to honor and continue this tradition of exchange by contributing to the diversity of the Montreal community!<\/p>\n","protected":false},"excerpt":{"rendered":"<p>Welcome to the website of the CORE laboratory \u2013 the social and cognitive research laboratory on Cognitions &amp; Relations at UQAM. Our office is located at UQAM&#8217;s Adrien-Pinard pavilion, room SU-4370. At the CORE lab, we are interested in the interplay between fundamental cognitive processes (such as attention, perception, and representations) and complex social dynamics [&hellip;]<\/p>\n","protected":false},"author":317,"featured_media":0,"parent":0,"menu_order":0,"comment_status":"closed","ping_status":"closed","template":"","meta":{"footnotes":""},"categories":[],"class_list":["post-370","page","type-page","status-publish","hentry"],"yoast_head":"<!-- This site is optimized with the Yoast SEO Premium plugin v27.4 (Yoast SEO v27.4) - https:\/\/yoast.com\/product\/yoast-seo-premium-wordpress\/ -->\n<title>| Laboratoire cognitions et relations | UQAM<\/title>\n<meta name=\"robots\" content=\"index, follow, max-snippet:-1, max-image-preview:large, max-video-preview:-1\" \/>\n<link rel=\"canonical\" href=\"https:\/\/core.uqam.ca\/en\/\" \/>\n<meta property=\"og:locale\" content=\"en_US\" \/>\n<meta property=\"og:type\" content=\"article\" \/>\n<meta property=\"og:description\" content=\"Welcome to the website of the CORE laboratory \u2013 the social and cognitive research laboratory on Cognitions &amp; Relations at UQAM. Our office is located at UQAM&#8217;s Adrien-Pinard pavilion, room SU-4370. At the CORE lab, we are interested in the interplay between fundamental cognitive processes (such as attention, perception, and representations) and complex social dynamics [&hellip;]\" \/>\n<meta property=\"og:url\" content=\"https:\/\/core.uqam.ca\/en\/\" \/>\n<meta property=\"og:site_name\" content=\"Laboratoire cognitions et relations\" \/>\n<meta property=\"article:modified_time\" content=\"2026-01-15T03:20:32+00:00\" \/>\n<meta property=\"og:image\" content=\"https:\/\/core.uqam.ca\/wp-content\/uploads\/sites\/102\/2026\/01\/broche-de-localisation.png\" \/>\n\t<meta property=\"og:image:width\" content=\"512\" \/>\n\t<meta property=\"og:image:height\" content=\"512\" \/>\n\t<meta property=\"og:image:type\" content=\"image\/png\" \/>\n<meta name=\"twitter:card\" content=\"summary_large_image\" \/>\n<meta name=\"twitter:label1\" content=\"Est. reading time\" \/>\n\t<meta name=\"twitter:data1\" content=\"2 minutes\" \/>\n<script type=\"application\/ld+json\" class=\"yoast-schema-graph\">{\"@context\":\"https:\\\/\\\/schema.org\",\"@graph\":[{\"@type\":\"WebPage\",\"@id\":\"https:\\\/\\\/core.uqam.ca\\\/en\\\/\",\"url\":\"https:\\\/\\\/core.uqam.ca\\\/en\\\/\",\"name\":\"| Laboratoire cognitions et relations | UQAM\",\"isPartOf\":{\"@id\":\"https:\\\/\\\/core.uqam.ca\\\/#website\"},\"primaryImageOfPage\":{\"@id\":\"https:\\\/\\\/core.uqam.ca\\\/en\\\/#primaryimage\"},\"image\":{\"@id\":\"https:\\\/\\\/core.uqam.ca\\\/en\\\/#primaryimage\"},\"thumbnailUrl\":\"https:\\\/\\\/core.uqam.ca\\\/wp-content\\\/uploads\\\/sites\\\/102\\\/2026\\\/01\\\/broche-de-localisation.png\",\"datePublished\":\"2023-06-24T20:53:43+00:00\",\"dateModified\":\"2026-01-15T03:20:32+00:00\",\"breadcrumb\":{\"@id\":\"https:\\\/\\\/core.uqam.ca\\\/en\\\/#breadcrumb\"},\"inLanguage\":\"en-US\",\"potentialAction\":[{\"@type\":\"ReadAction\",\"target\":[\"https:\\\/\\\/core.uqam.ca\\\/en\\\/\"]}]},{\"@type\":\"ImageObject\",\"inLanguage\":\"en-US\",\"@id\":\"https:\\\/\\\/core.uqam.ca\\\/en\\\/#primaryimage\",\"url\":\"https:\\\/\\\/core.uqam.ca\\\/wp-content\\\/uploads\\\/sites\\\/102\\\/2026\\\/01\\\/broche-de-localisation.png\",\"contentUrl\":\"https:\\\/\\\/core.uqam.ca\\\/wp-content\\\/uploads\\\/sites\\\/102\\\/2026\\\/01\\\/broche-de-localisation.png\"},{\"@type\":\"BreadcrumbList\",\"@id\":\"https:\\\/\\\/core.uqam.ca\\\/en\\\/#breadcrumb\",\"itemListElement\":[{\"@type\":\"ListItem\",\"position\":1,\"name\":\"UQAM\",\"item\":\"https:\\\/\\\/uqam.ca\"},{\"@type\":\"ListItem\",\"position\":2,\"name\":\"Laboratoire cognitions et relations\",\"item\":\"https:\\\/\\\/core.uqam.ca\\\/en\\\/\"}]},{\"@type\":\"WebSite\",\"@id\":\"https:\\\/\\\/core.uqam.ca\\\/#website\",\"url\":\"https:\\\/\\\/core.uqam.ca\\\/\",\"name\":\"Laboratoire cognitions et relations\",\"description\":\"\",\"publisher\":{\"@id\":\"https:\\\/\\\/core.uqam.ca\\\/#organization\"},\"potentialAction\":[{\"@type\":\"SearchAction\",\"target\":{\"@type\":\"EntryPoint\",\"urlTemplate\":\"https:\\\/\\\/core.uqam.ca\\\/en\\\/\\\/recherche\\\/?q={search_term_string}\"},\"query-input\":{\"@type\":\"PropertyValueSpecification\",\"valueRequired\":true,\"valueName\":\"search_term_string\"}}],\"inLanguage\":\"en-US\"},{\"@type\":\"Organization\",\"@id\":\"https:\\\/\\\/core.uqam.ca\\\/#organization\",\"name\":\"Laboratoire cognitions et relations\",\"url\":\"https:\\\/\\\/core.uqam.ca\\\/\",\"logo\":{\"@type\":\"ImageObject\",\"inLanguage\":\"en-US\",\"@id\":\"https:\\\/\\\/core.uqam.ca\\\/#\\\/schema\\\/logo\\\/image\\\/\",\"url\":\"https:\\\/\\\/gabarit-adaptatif.uqam.ca\\\/statique\\\/images\\\/logo-uqam.jpg\",\"contentUrl\":\"\",\"caption\":\"Laboratoire cognitions et relations\"},\"image\":{\"@id\":\"https:\\\/\\\/core.uqam.ca\\\/#\\\/schema\\\/logo\\\/image\\\/\"},\"parentOrganization\":{\"@type\":\"EducationalOrganization\",\"@id\":\"https:\\\/\\\/uqam.ca\\\/#organization\",\"name\":\"Universit\u00e9 du Qu\u00e9bec \u00e0 Montr\u00e9al\",\"url\":\"https:\\\/\\\/uqam.ca\",\"alternateName\":\"UQAM\",\"logo\":\"https:\\\/\\\/gabarit-adaptatif.uqam.ca\\\/statique\\\/images\\\/logo-uqam.jpg\"}}]}<\/script>\n<!-- \/ Yoast SEO Premium plugin. -->","yoast_head_json":{"title":"| Laboratoire cognitions et relations | UQAM","robots":{"index":"index","follow":"follow","max-snippet":"max-snippet:-1","max-image-preview":"max-image-preview:large","max-video-preview":"max-video-preview:-1"},"canonical":"https:\/\/core.uqam.ca\/en\/","og_locale":"en_US","og_type":"article","og_description":"Welcome to the website of the CORE laboratory \u2013 the social and cognitive research laboratory on Cognitions &amp; Relations at UQAM. Our office is located at UQAM&#8217;s Adrien-Pinard pavilion, room SU-4370. At the CORE lab, we are interested in the interplay between fundamental cognitive processes (such as attention, perception, and representations) and complex social dynamics [&hellip;]","og_url":"https:\/\/core.uqam.ca\/en\/","og_site_name":"Laboratoire cognitions et relations","article_modified_time":"2026-01-15T03:20:32+00:00","og_image":[{"width":512,"height":512,"url":"https:\/\/core.uqam.ca\/wp-content\/uploads\/sites\/102\/2026\/01\/broche-de-localisation.png","type":"image\/png"}],"twitter_card":"summary_large_image","twitter_misc":{"Est. reading time":"2 minutes"},"schema":{"@context":"https:\/\/schema.org","@graph":[{"@type":"WebPage","@id":"https:\/\/core.uqam.ca\/en\/","url":"https:\/\/core.uqam.ca\/en\/","name":"| Laboratoire cognitions et relations | UQAM","isPartOf":{"@id":"https:\/\/core.uqam.ca\/#website"},"primaryImageOfPage":{"@id":"https:\/\/core.uqam.ca\/en\/#primaryimage"},"image":{"@id":"https:\/\/core.uqam.ca\/en\/#primaryimage"},"thumbnailUrl":"https:\/\/core.uqam.ca\/wp-content\/uploads\/sites\/102\/2026\/01\/broche-de-localisation.png","datePublished":"2023-06-24T20:53:43+00:00","dateModified":"2026-01-15T03:20:32+00:00","breadcrumb":{"@id":"https:\/\/core.uqam.ca\/en\/#breadcrumb"},"inLanguage":"en-US","potentialAction":[{"@type":"ReadAction","target":["https:\/\/core.uqam.ca\/en\/"]}]},{"@type":"ImageObject","inLanguage":"en-US","@id":"https:\/\/core.uqam.ca\/en\/#primaryimage","url":"https:\/\/core.uqam.ca\/wp-content\/uploads\/sites\/102\/2026\/01\/broche-de-localisation.png","contentUrl":"https:\/\/core.uqam.ca\/wp-content\/uploads\/sites\/102\/2026\/01\/broche-de-localisation.png"},{"@type":"BreadcrumbList","@id":"https:\/\/core.uqam.ca\/en\/#breadcrumb","itemListElement":[{"@type":"ListItem","position":1,"name":"UQAM","item":"https:\/\/uqam.ca"},{"@type":"ListItem","position":2,"name":"Laboratoire cognitions et relations","item":"https:\/\/core.uqam.ca\/en\/"}]},{"@type":"WebSite","@id":"https:\/\/core.uqam.ca\/#website","url":"https:\/\/core.uqam.ca\/","name":"Laboratoire cognitions et relations","description":"","publisher":{"@id":"https:\/\/core.uqam.ca\/#organization"},"potentialAction":[{"@type":"SearchAction","target":{"@type":"EntryPoint","urlTemplate":"https:\/\/core.uqam.ca\/en\/\/recherche\/?q={search_term_string}"},"query-input":{"@type":"PropertyValueSpecification","valueRequired":true,"valueName":"search_term_string"}}],"inLanguage":"en-US"},{"@type":"Organization","@id":"https:\/\/core.uqam.ca\/#organization","name":"Laboratoire cognitions et relations","url":"https:\/\/core.uqam.ca\/","logo":{"@type":"ImageObject","inLanguage":"en-US","@id":"https:\/\/core.uqam.ca\/#\/schema\/logo\/image\/","url":"https:\/\/gabarit-adaptatif.uqam.ca\/statique\/images\/logo-uqam.jpg","contentUrl":"","caption":"Laboratoire cognitions et relations"},"image":{"@id":"https:\/\/core.uqam.ca\/#\/schema\/logo\/image\/"},"parentOrganization":{"@type":"EducationalOrganization","@id":"https:\/\/uqam.ca\/#organization","name":"Universit\u00e9 du Qu\u00e9bec \u00e0 Montr\u00e9al","url":"https:\/\/uqam.ca","alternateName":"UQAM","logo":"https:\/\/gabarit-adaptatif.uqam.ca\/statique\/images\/logo-uqam.jpg"}}]}},"_links":{"self":[{"href":"https:\/\/core.uqam.ca\/en\/wp-json\/wp\/v2\/pages\/370","targetHints":{"allow":["GET"]}}],"collection":[{"href":"https:\/\/core.uqam.ca\/en\/wp-json\/wp\/v2\/pages"}],"about":[{"href":"https:\/\/core.uqam.ca\/en\/wp-json\/wp\/v2\/types\/page"}],"author":[{"embeddable":true,"href":"https:\/\/core.uqam.ca\/en\/wp-json\/wp\/v2\/users\/317"}],"replies":[{"embeddable":true,"href":"https:\/\/core.uqam.ca\/en\/wp-json\/wp\/v2\/comments?post=370"}],"version-history":[{"count":9,"href":"https:\/\/core.uqam.ca\/en\/wp-json\/wp\/v2\/pages\/370\/revisions"}],"predecessor-version":[{"id":1634,"href":"https:\/\/core.uqam.ca\/en\/wp-json\/wp\/v2\/pages\/370\/revisions\/1634"}],"wp:attachment":[{"href":"https:\/\/core.uqam.ca\/en\/wp-json\/wp\/v2\/media?parent=370"}],"wp:term":[{"taxonomy":"category","embeddable":true,"href":"https:\/\/core.uqam.ca\/en\/wp-json\/wp\/v2\/categories?post=370"}],"curies":[{"name":"wp","href":"https:\/\/api.w.org\/{rel}","templated":true}]}}