{"id":373,"date":"2023-06-25T12:35:14","date_gmt":"2023-06-25T16:35:14","guid":{"rendered":"https:\/\/core.uqam.ca\/lab-director\/"},"modified":"2023-10-02T17:02:31","modified_gmt":"2023-10-02T21:02:31","slug":"lab-director","status":"publish","type":"page","link":"https:\/\/core.uqam.ca\/en\/people\/lab-director\/","title":{"rendered":"Lab director"},"content":{"rendered":"\n<p><\/p>\n\n\n\n<p> <\/p>\n\n\n\n<h2 class=\"wp-block-heading\">Francesca Capozzi<\/h2>\n\n\n\n<h2 class=\"wp-block-heading\"><\/h2>\n\n\n\n<div class=\"wp-block-media-text alignwide is-stacked-on-mobile\" style=\"grid-template-columns:26% auto\"><figure class=\"wp-block-media-text__media\"><img loading=\"lazy\" decoding=\"async\" width=\"270\" height=\"360\" src=\"https:\/\/core.uqam.ca\/wp-content\/uploads\/sites\/102\/2023\/08\/photoFC.jpg\" alt=\"Francesca Capozzi's picture\" class=\"wp-image-545 size-full\" srcset=\"https:\/\/core.uqam.ca\/wp-content\/uploads\/sites\/102\/2023\/08\/photoFC.jpg 270w, https:\/\/core.uqam.ca\/wp-content\/uploads\/sites\/102\/2023\/08\/photoFC-225x300.jpg 225w\" sizes=\"auto, (max-width: 270px) 100vw, 270px\" \/><\/figure><div class=\"wp-block-media-text__content\">\n<p>Hello, nice to meet you! I have been a professor in social psychology at UQAM since August 2022. I completed my PhD at the University of Torino (Italy) in 2016. My project focused on how visual attention modulates human social life in complex scenarios, like groups and crowds, in interaction with important social processes like social status and leadership. I continued my postdoctoral research on social cognition at McGill University (Canada) until 2020. As a postdoc, I continued exploring the interactions between perception and social processes like group dynamics, leadership, and first impression. From 2020 to 2022, I also completed my clinical training in couple and family therapy at McGill\u2019s School of Social Work.<\/p>\n<\/div><\/div>\n\n\n\n<div class=\"wp-block-columns is-layout-flex wp-container-core-columns-is-layout-9d6595d7 wp-block-columns-is-layout-flex\">\n<div class=\"wp-block-column is-layout-flow wp-block-column-is-layout-flow\"><\/div>\n\n\n\n<div class=\"wp-block-column is-layout-flow wp-block-column-is-layout-flow\"><\/div>\n<\/div>\n\n\n\n<p><a href=\"https:\/\/francescacapozzi.ca\/\" target=\"_blank\" rel=\"noreferrer noopener\">PERSONAL WEBSITE<\/a> | <a href=\"https:\/\/scholar.google.com\/citations?user=aLaOVeFO95UC&amp;hl=en\" target=\"_blank\" rel=\"noreferrer noopener\">GOOGLE SCHOLAR<\/a> | <a href=\"https:\/\/www.researchgate.net\/profile\/Francesca-Capozzi\" target=\"_blank\" rel=\"noreferrer noopener\">RESEARCH GATE<\/a> | <a href=\"https:\/\/frcapozz.medium.com\/\" target=\"_blank\" rel=\"noreferrer noopener\">MEDIUM<\/a><\/p>\n","protected":false},"excerpt":{"rendered":"<p>Francesca Capozzi Hello, nice to meet you! I have been a professor in social psychology at UQAM since August 2022. I completed my PhD at the University of Torino (Italy) in 2016. My project focused on how visual attention modulates human social life in complex scenarios, like groups and crowds, in interaction with important social [&hellip;]<\/p>\n","protected":false},"author":317,"featured_media":0,"parent":451,"menu_order":0,"comment_status":"closed","ping_status":"closed","template":"","meta":{"footnotes":""},"categories":[],"class_list":["post-373","page","type-page","status-publish","hentry"],"yoast_head":"<!-- This site is optimized with the Yoast SEO Premium plugin v27.4 (Yoast SEO v27.4) - https:\/\/yoast.com\/product\/yoast-seo-premium-wordpress\/ -->\n<title>Lab director | Laboratoire cognitions et relations | UQAM<\/title>\n<meta name=\"robots\" content=\"index, follow, max-snippet:-1, max-image-preview:large, max-video-preview:-1\" \/>\n<link rel=\"canonical\" href=\"https:\/\/core.uqam.ca\/en\/people\/lab-director\/\" \/>\n<meta property=\"og:locale\" content=\"en_US\" \/>\n<meta property=\"og:type\" content=\"article\" \/>\n<meta property=\"og:title\" content=\"Lab director\" \/>\n<meta property=\"og:description\" content=\"Francesca Capozzi Hello, nice to meet you! I have been a professor in social psychology at UQAM since August 2022. I completed my PhD at the University of Torino (Italy) in 2016. My project focused on how visual attention modulates human social life in complex scenarios, like groups and crowds, in interaction with important social [&hellip;]\" \/>\n<meta property=\"og:url\" content=\"https:\/\/core.uqam.ca\/en\/people\/lab-director\/\" \/>\n<meta property=\"og:site_name\" content=\"Laboratoire cognitions et relations\" \/>\n<meta property=\"article:modified_time\" content=\"2023-10-02T21:02:31+00:00\" \/>\n<meta property=\"og:image\" content=\"https:\/\/core.uqam.ca\/wp-content\/uploads\/sites\/102\/2023\/08\/photoFC.jpg\" \/>\n<meta name=\"twitter:card\" content=\"summary_large_image\" \/>\n<meta name=\"twitter:label1\" content=\"Est. reading time\" \/>\n\t<meta name=\"twitter:data1\" content=\"1 minute\" \/>\n<script type=\"application\/ld+json\" class=\"yoast-schema-graph\">{\"@context\":\"https:\\\/\\\/schema.org\",\"@graph\":[{\"@type\":\"WebPage\",\"@id\":\"https:\\\/\\\/core.uqam.ca\\\/en\\\/people\\\/lab-director\\\/\",\"url\":\"https:\\\/\\\/core.uqam.ca\\\/en\\\/people\\\/lab-director\\\/\",\"name\":\"Lab director | Laboratoire cognitions et relations | UQAM\",\"isPartOf\":{\"@id\":\"https:\\\/\\\/core.uqam.ca\\\/#website\"},\"primaryImageOfPage\":{\"@id\":\"https:\\\/\\\/core.uqam.ca\\\/en\\\/people\\\/lab-director\\\/#primaryimage\"},\"image\":{\"@id\":\"https:\\\/\\\/core.uqam.ca\\\/en\\\/people\\\/lab-director\\\/#primaryimage\"},\"thumbnailUrl\":\"https:\\\/\\\/core.uqam.ca\\\/wp-content\\\/uploads\\\/sites\\\/102\\\/2023\\\/08\\\/photoFC.jpg\",\"datePublished\":\"2023-06-25T16:35:14+00:00\",\"dateModified\":\"2023-10-02T21:02:31+00:00\",\"breadcrumb\":{\"@id\":\"https:\\\/\\\/core.uqam.ca\\\/en\\\/people\\\/lab-director\\\/#breadcrumb\"},\"inLanguage\":\"en-US\",\"potentialAction\":[{\"@type\":\"ReadAction\",\"target\":[\"https:\\\/\\\/core.uqam.ca\\\/en\\\/people\\\/lab-director\\\/\"]}]},{\"@type\":\"ImageObject\",\"inLanguage\":\"en-US\",\"@id\":\"https:\\\/\\\/core.uqam.ca\\\/en\\\/people\\\/lab-director\\\/#primaryimage\",\"url\":\"https:\\\/\\\/core.uqam.ca\\\/wp-content\\\/uploads\\\/sites\\\/102\\\/2023\\\/08\\\/photoFC.jpg\",\"contentUrl\":\"https:\\\/\\\/core.uqam.ca\\\/wp-content\\\/uploads\\\/sites\\\/102\\\/2023\\\/08\\\/photoFC.jpg\"},{\"@type\":\"BreadcrumbList\",\"@id\":\"https:\\\/\\\/core.uqam.ca\\\/en\\\/people\\\/lab-director\\\/#breadcrumb\",\"itemListElement\":[{\"@type\":\"ListItem\",\"position\":1,\"name\":\"UQAM\",\"item\":\"https:\\\/\\\/uqam.ca\"},{\"@type\":\"ListItem\",\"position\":2,\"name\":\"Laboratoire cognitions et relations\",\"item\":\"https:\\\/\\\/core.uqam.ca\\\/en\\\/\"},{\"@type\":\"ListItem\",\"position\":3,\"name\":\"Team\",\"item\":\"https:\\\/\\\/core.uqam.ca\\\/en\\\/people\\\/\"},{\"@type\":\"ListItem\",\"position\":4,\"name\":\"Lab director\"}]},{\"@type\":\"WebSite\",\"@id\":\"https:\\\/\\\/core.uqam.ca\\\/#website\",\"url\":\"https:\\\/\\\/core.uqam.ca\\\/\",\"name\":\"Laboratoire cognitions et relations\",\"description\":\"\",\"publisher\":{\"@id\":\"https:\\\/\\\/core.uqam.ca\\\/#organization\"},\"potentialAction\":[{\"@type\":\"SearchAction\",\"target\":{\"@type\":\"EntryPoint\",\"urlTemplate\":\"https:\\\/\\\/core.uqam.ca\\\/en\\\/\\\/recherche\\\/?q={search_term_string}\"},\"query-input\":{\"@type\":\"PropertyValueSpecification\",\"valueRequired\":true,\"valueName\":\"search_term_string\"}}],\"inLanguage\":\"en-US\"},{\"@type\":\"Organization\",\"@id\":\"https:\\\/\\\/core.uqam.ca\\\/#organization\",\"name\":\"Laboratoire cognitions et relations\",\"url\":\"https:\\\/\\\/core.uqam.ca\\\/\",\"logo\":{\"@type\":\"ImageObject\",\"inLanguage\":\"en-US\",\"@id\":\"https:\\\/\\\/core.uqam.ca\\\/#\\\/schema\\\/logo\\\/image\\\/\",\"url\":\"https:\\\/\\\/gabarit-adaptatif.uqam.ca\\\/statique\\\/images\\\/logo-uqam.jpg\",\"contentUrl\":\"\",\"caption\":\"Laboratoire cognitions et relations\"},\"image\":{\"@id\":\"https:\\\/\\\/core.uqam.ca\\\/#\\\/schema\\\/logo\\\/image\\\/\"},\"parentOrganization\":{\"@type\":\"EducationalOrganization\",\"@id\":\"https:\\\/\\\/uqam.ca\\\/#organization\",\"name\":\"Universit\u00e9 du Qu\u00e9bec \u00e0 Montr\u00e9al\",\"url\":\"https:\\\/\\\/uqam.ca\",\"alternateName\":\"UQAM\",\"logo\":\"https:\\\/\\\/gabarit-adaptatif.uqam.ca\\\/statique\\\/images\\\/logo-uqam.jpg\"}}]}<\/script>\n<!-- \/ Yoast SEO Premium plugin. -->","yoast_head_json":{"title":"Lab director | Laboratoire cognitions et relations | UQAM","robots":{"index":"index","follow":"follow","max-snippet":"max-snippet:-1","max-image-preview":"max-image-preview:large","max-video-preview":"max-video-preview:-1"},"canonical":"https:\/\/core.uqam.ca\/en\/people\/lab-director\/","og_locale":"en_US","og_type":"article","og_title":"Lab director","og_description":"Francesca Capozzi Hello, nice to meet you! I have been a professor in social psychology at UQAM since August 2022. I completed my PhD at the University of Torino (Italy) in 2016. My project focused on how visual attention modulates human social life in complex scenarios, like groups and crowds, in interaction with important social [&hellip;]","og_url":"https:\/\/core.uqam.ca\/en\/people\/lab-director\/","og_site_name":"Laboratoire cognitions et relations","article_modified_time":"2023-10-02T21:02:31+00:00","og_image":[{"url":"https:\/\/core.uqam.ca\/wp-content\/uploads\/sites\/102\/2023\/08\/photoFC.jpg","type":"","width":"","height":""}],"twitter_card":"summary_large_image","twitter_misc":{"Est. reading time":"1 minute"},"schema":{"@context":"https:\/\/schema.org","@graph":[{"@type":"WebPage","@id":"https:\/\/core.uqam.ca\/en\/people\/lab-director\/","url":"https:\/\/core.uqam.ca\/en\/people\/lab-director\/","name":"Lab director | Laboratoire cognitions et relations | UQAM","isPartOf":{"@id":"https:\/\/core.uqam.ca\/#website"},"primaryImageOfPage":{"@id":"https:\/\/core.uqam.ca\/en\/people\/lab-director\/#primaryimage"},"image":{"@id":"https:\/\/core.uqam.ca\/en\/people\/lab-director\/#primaryimage"},"thumbnailUrl":"https:\/\/core.uqam.ca\/wp-content\/uploads\/sites\/102\/2023\/08\/photoFC.jpg","datePublished":"2023-06-25T16:35:14+00:00","dateModified":"2023-10-02T21:02:31+00:00","breadcrumb":{"@id":"https:\/\/core.uqam.ca\/en\/people\/lab-director\/#breadcrumb"},"inLanguage":"en-US","potentialAction":[{"@type":"ReadAction","target":["https:\/\/core.uqam.ca\/en\/people\/lab-director\/"]}]},{"@type":"ImageObject","inLanguage":"en-US","@id":"https:\/\/core.uqam.ca\/en\/people\/lab-director\/#primaryimage","url":"https:\/\/core.uqam.ca\/wp-content\/uploads\/sites\/102\/2023\/08\/photoFC.jpg","contentUrl":"https:\/\/core.uqam.ca\/wp-content\/uploads\/sites\/102\/2023\/08\/photoFC.jpg"},{"@type":"BreadcrumbList","@id":"https:\/\/core.uqam.ca\/en\/people\/lab-director\/#breadcrumb","itemListElement":[{"@type":"ListItem","position":1,"name":"UQAM","item":"https:\/\/uqam.ca"},{"@type":"ListItem","position":2,"name":"Laboratoire cognitions et relations","item":"https:\/\/core.uqam.ca\/en\/"},{"@type":"ListItem","position":3,"name":"Team","item":"https:\/\/core.uqam.ca\/en\/people\/"},{"@type":"ListItem","position":4,"name":"Lab director"}]},{"@type":"WebSite","@id":"https:\/\/core.uqam.ca\/#website","url":"https:\/\/core.uqam.ca\/","name":"Laboratoire cognitions et relations","description":"","publisher":{"@id":"https:\/\/core.uqam.ca\/#organization"},"potentialAction":[{"@type":"SearchAction","target":{"@type":"EntryPoint","urlTemplate":"https:\/\/core.uqam.ca\/en\/\/recherche\/?q={search_term_string}"},"query-input":{"@type":"PropertyValueSpecification","valueRequired":true,"valueName":"search_term_string"}}],"inLanguage":"en-US"},{"@type":"Organization","@id":"https:\/\/core.uqam.ca\/#organization","name":"Laboratoire cognitions et relations","url":"https:\/\/core.uqam.ca\/","logo":{"@type":"ImageObject","inLanguage":"en-US","@id":"https:\/\/core.uqam.ca\/#\/schema\/logo\/image\/","url":"https:\/\/gabarit-adaptatif.uqam.ca\/statique\/images\/logo-uqam.jpg","contentUrl":"","caption":"Laboratoire cognitions et relations"},"image":{"@id":"https:\/\/core.uqam.ca\/#\/schema\/logo\/image\/"},"parentOrganization":{"@type":"EducationalOrganization","@id":"https:\/\/uqam.ca\/#organization","name":"Universit\u00e9 du Qu\u00e9bec \u00e0 Montr\u00e9al","url":"https:\/\/uqam.ca","alternateName":"UQAM","logo":"https:\/\/gabarit-adaptatif.uqam.ca\/statique\/images\/logo-uqam.jpg"}}]}},"_links":{"self":[{"href":"https:\/\/core.uqam.ca\/en\/wp-json\/wp\/v2\/pages\/373","targetHints":{"allow":["GET"]}}],"collection":[{"href":"https:\/\/core.uqam.ca\/en\/wp-json\/wp\/v2\/pages"}],"about":[{"href":"https:\/\/core.uqam.ca\/en\/wp-json\/wp\/v2\/types\/page"}],"author":[{"embeddable":true,"href":"https:\/\/core.uqam.ca\/en\/wp-json\/wp\/v2\/users\/317"}],"replies":[{"embeddable":true,"href":"https:\/\/core.uqam.ca\/en\/wp-json\/wp\/v2\/comments?post=373"}],"version-history":[{"count":9,"href":"https:\/\/core.uqam.ca\/en\/wp-json\/wp\/v2\/pages\/373\/revisions"}],"predecessor-version":[{"id":712,"href":"https:\/\/core.uqam.ca\/en\/wp-json\/wp\/v2\/pages\/373\/revisions\/712"}],"up":[{"embeddable":true,"href":"https:\/\/core.uqam.ca\/en\/wp-json\/wp\/v2\/pages\/451"}],"wp:attachment":[{"href":"https:\/\/core.uqam.ca\/en\/wp-json\/wp\/v2\/media?parent=373"}],"wp:term":[{"taxonomy":"category","embeddable":true,"href":"https:\/\/core.uqam.ca\/en\/wp-json\/wp\/v2\/categories?post=373"}],"curies":[{"name":"wp","href":"https:\/\/api.w.org\/{rel}","templated":true}]}}