{"id":449,"date":"2023-05-30T09:59:26","date_gmt":"2023-05-30T13:59:26","guid":{"rendered":"https:\/\/core.uqam.ca\/research-2\/"},"modified":"2023-09-22T16:02:15","modified_gmt":"2023-09-22T20:02:15","slug":"research","status":"publish","type":"page","link":"https:\/\/core.uqam.ca\/en\/research\/","title":{"rendered":"Research"},"content":{"rendered":"","protected":false},"excerpt":{"rendered":"","protected":false},"author":8,"featured_media":0,"parent":0,"menu_order":3,"comment_status":"closed","ping_status":"closed","template":"","meta":{"footnotes":""},"categories":[],"class_list":["post-449","page","type-page","status-publish","hentry"],"yoast_head":"<!-- This site is optimized with the Yoast SEO Premium plugin v27.4 (Yoast SEO v27.4) - https:\/\/yoast.com\/product\/yoast-seo-premium-wordpress\/ -->\n<title>Research | Laboratoire cognitions et relations | UQAM<\/title>\n<meta name=\"robots\" content=\"index, follow, max-snippet:-1, max-image-preview:large, max-video-preview:-1\" \/>\n<link rel=\"canonical\" href=\"https:\/\/core.uqam.ca\/en\/research\/\" \/>\n<meta property=\"og:locale\" content=\"en_US\" \/>\n<meta property=\"og:type\" content=\"article\" \/>\n<meta property=\"og:title\" content=\"Research\" \/>\n<meta property=\"og:url\" content=\"https:\/\/core.uqam.ca\/en\/research\/\" \/>\n<meta property=\"og:site_name\" content=\"Laboratoire cognitions et relations\" \/>\n<meta property=\"article:modified_time\" content=\"2023-09-22T20:02:15+00:00\" \/>\n<meta name=\"twitter:card\" content=\"summary_large_image\" \/>\n<script type=\"application\/ld+json\" class=\"yoast-schema-graph\">{\"@context\":\"https:\\\/\\\/schema.org\",\"@graph\":[{\"@type\":\"WebPage\",\"@id\":\"https:\\\/\\\/core.uqam.ca\\\/en\\\/research\\\/\",\"url\":\"https:\\\/\\\/core.uqam.ca\\\/en\\\/research\\\/\",\"name\":\"Research | Laboratoire cognitions et relations | UQAM\",\"isPartOf\":{\"@id\":\"https:\\\/\\\/core.uqam.ca\\\/#website\"},\"datePublished\":\"2023-05-30T13:59:26+00:00\",\"dateModified\":\"2023-09-22T20:02:15+00:00\",\"breadcrumb\":{\"@id\":\"https:\\\/\\\/core.uqam.ca\\\/en\\\/research\\\/#breadcrumb\"},\"inLanguage\":\"en-US\",\"potentialAction\":[{\"@type\":\"ReadAction\",\"target\":[\"https:\\\/\\\/core.uqam.ca\\\/en\\\/research\\\/\"]}]},{\"@type\":\"BreadcrumbList\",\"@id\":\"https:\\\/\\\/core.uqam.ca\\\/en\\\/research\\\/#breadcrumb\",\"itemListElement\":[{\"@type\":\"ListItem\",\"position\":1,\"name\":\"UQAM\",\"item\":\"https:\\\/\\\/uqam.ca\"},{\"@type\":\"ListItem\",\"position\":2,\"name\":\"Laboratoire cognitions et relations\",\"item\":\"https:\\\/\\\/core.uqam.ca\\\/en\\\/\"},{\"@type\":\"ListItem\",\"position\":3,\"name\":\"Research\"}]},{\"@type\":\"WebSite\",\"@id\":\"https:\\\/\\\/core.uqam.ca\\\/#website\",\"url\":\"https:\\\/\\\/core.uqam.ca\\\/\",\"name\":\"Laboratoire cognitions et relations\",\"description\":\"\",\"publisher\":{\"@id\":\"https:\\\/\\\/core.uqam.ca\\\/#organization\"},\"potentialAction\":[{\"@type\":\"SearchAction\",\"target\":{\"@type\":\"EntryPoint\",\"urlTemplate\":\"https:\\\/\\\/core.uqam.ca\\\/en\\\/\\\/recherche\\\/?q={search_term_string}\"},\"query-input\":{\"@type\":\"PropertyValueSpecification\",\"valueRequired\":true,\"valueName\":\"search_term_string\"}}],\"inLanguage\":\"en-US\"},{\"@type\":\"Organization\",\"@id\":\"https:\\\/\\\/core.uqam.ca\\\/#organization\",\"name\":\"Laboratoire cognitions et relations\",\"url\":\"https:\\\/\\\/core.uqam.ca\\\/\",\"logo\":{\"@type\":\"ImageObject\",\"inLanguage\":\"en-US\",\"@id\":\"https:\\\/\\\/core.uqam.ca\\\/#\\\/schema\\\/logo\\\/image\\\/\",\"url\":\"https:\\\/\\\/gabarit-adaptatif.uqam.ca\\\/statique\\\/images\\\/logo-uqam.jpg\",\"contentUrl\":\"\",\"caption\":\"Laboratoire cognitions et relations\"},\"image\":{\"@id\":\"https:\\\/\\\/core.uqam.ca\\\/#\\\/schema\\\/logo\\\/image\\\/\"},\"parentOrganization\":{\"@type\":\"EducationalOrganization\",\"@id\":\"https:\\\/\\\/uqam.ca\\\/#organization\",\"name\":\"Universit\u00e9 du Qu\u00e9bec \u00e0 Montr\u00e9al\",\"url\":\"https:\\\/\\\/uqam.ca\",\"alternateName\":\"UQAM\",\"logo\":\"https:\\\/\\\/gabarit-adaptatif.uqam.ca\\\/statique\\\/images\\\/logo-uqam.jpg\"}}]}<\/script>\n<!-- \/ Yoast SEO Premium plugin. -->","yoast_head_json":{"title":"Research | Laboratoire cognitions et relations | UQAM","robots":{"index":"index","follow":"follow","max-snippet":"max-snippet:-1","max-image-preview":"max-image-preview:large","max-video-preview":"max-video-preview:-1"},"canonical":"https:\/\/core.uqam.ca\/en\/research\/","og_locale":"en_US","og_type":"article","og_title":"Research","og_url":"https:\/\/core.uqam.ca\/en\/research\/","og_site_name":"Laboratoire cognitions et relations","article_modified_time":"2023-09-22T20:02:15+00:00","twitter_card":"summary_large_image","schema":{"@context":"https:\/\/schema.org","@graph":[{"@type":"WebPage","@id":"https:\/\/core.uqam.ca\/en\/research\/","url":"https:\/\/core.uqam.ca\/en\/research\/","name":"Research | Laboratoire cognitions et relations | UQAM","isPartOf":{"@id":"https:\/\/core.uqam.ca\/#website"},"datePublished":"2023-05-30T13:59:26+00:00","dateModified":"2023-09-22T20:02:15+00:00","breadcrumb":{"@id":"https:\/\/core.uqam.ca\/en\/research\/#breadcrumb"},"inLanguage":"en-US","potentialAction":[{"@type":"ReadAction","target":["https:\/\/core.uqam.ca\/en\/research\/"]}]},{"@type":"BreadcrumbList","@id":"https:\/\/core.uqam.ca\/en\/research\/#breadcrumb","itemListElement":[{"@type":"ListItem","position":1,"name":"UQAM","item":"https:\/\/uqam.ca"},{"@type":"ListItem","position":2,"name":"Laboratoire cognitions et relations","item":"https:\/\/core.uqam.ca\/en\/"},{"@type":"ListItem","position":3,"name":"Research"}]},{"@type":"WebSite","@id":"https:\/\/core.uqam.ca\/#website","url":"https:\/\/core.uqam.ca\/","name":"Laboratoire cognitions et relations","description":"","publisher":{"@id":"https:\/\/core.uqam.ca\/#organization"},"potentialAction":[{"@type":"SearchAction","target":{"@type":"EntryPoint","urlTemplate":"https:\/\/core.uqam.ca\/en\/\/recherche\/?q={search_term_string}"},"query-input":{"@type":"PropertyValueSpecification","valueRequired":true,"valueName":"search_term_string"}}],"inLanguage":"en-US"},{"@type":"Organization","@id":"https:\/\/core.uqam.ca\/#organization","name":"Laboratoire cognitions et relations","url":"https:\/\/core.uqam.ca\/","logo":{"@type":"ImageObject","inLanguage":"en-US","@id":"https:\/\/core.uqam.ca\/#\/schema\/logo\/image\/","url":"https:\/\/gabarit-adaptatif.uqam.ca\/statique\/images\/logo-uqam.jpg","contentUrl":"","caption":"Laboratoire cognitions et relations"},"image":{"@id":"https:\/\/core.uqam.ca\/#\/schema\/logo\/image\/"},"parentOrganization":{"@type":"EducationalOrganization","@id":"https:\/\/uqam.ca\/#organization","name":"Universit\u00e9 du Qu\u00e9bec \u00e0 Montr\u00e9al","url":"https:\/\/uqam.ca","alternateName":"UQAM","logo":"https:\/\/gabarit-adaptatif.uqam.ca\/statique\/images\/logo-uqam.jpg"}}]}},"_links":{"self":[{"href":"https:\/\/core.uqam.ca\/en\/wp-json\/wp\/v2\/pages\/449","targetHints":{"allow":["GET"]}}],"collection":[{"href":"https:\/\/core.uqam.ca\/en\/wp-json\/wp\/v2\/pages"}],"about":[{"href":"https:\/\/core.uqam.ca\/en\/wp-json\/wp\/v2\/types\/page"}],"author":[{"embeddable":true,"href":"https:\/\/core.uqam.ca\/en\/wp-json\/wp\/v2\/users\/8"}],"replies":[{"embeddable":true,"href":"https:\/\/core.uqam.ca\/en\/wp-json\/wp\/v2\/comments?post=449"}],"version-history":[{"count":2,"href":"https:\/\/core.uqam.ca\/en\/wp-json\/wp\/v2\/pages\/449\/revisions"}],"predecessor-version":[{"id":702,"href":"https:\/\/core.uqam.ca\/en\/wp-json\/wp\/v2\/pages\/449\/revisions\/702"}],"wp:attachment":[{"href":"https:\/\/core.uqam.ca\/en\/wp-json\/wp\/v2\/media?parent=449"}],"wp:term":[{"taxonomy":"category","embeddable":true,"href":"https:\/\/core.uqam.ca\/en\/wp-json\/wp\/v2\/categories?post=449"}],"curies":[{"name":"wp","href":"https:\/\/api.w.org\/{rel}","templated":true}]}}