{"id":451,"date":"2023-05-30T09:57:40","date_gmt":"2023-05-30T13:57:40","guid":{"rendered":"https:\/\/core.uqam.ca\/people-2\/"},"modified":"2024-10-31T13:15:46","modified_gmt":"2024-10-31T17:15:46","slug":"people","status":"publish","type":"page","link":"https:\/\/core.uqam.ca\/en\/people\/","title":{"rendered":"Team"},"content":{"rendered":"\n<p>texte pour la page \u00e9quipe<\/p>\n","protected":false},"excerpt":{"rendered":"<p>texte pour la page \u00e9quipe<\/p>\n","protected":false},"author":8,"featured_media":0,"parent":0,"menu_order":2,"comment_status":"closed","ping_status":"closed","template":"","meta":{"footnotes":""},"categories":[],"class_list":["post-451","page","type-page","status-publish","hentry"],"yoast_head":"<!-- This site is optimized with the Yoast SEO Premium plugin v27.4 (Yoast SEO v27.4) - https:\/\/yoast.com\/product\/yoast-seo-premium-wordpress\/ -->\n<title>Team | Laboratoire cognitions et relations | UQAM<\/title>\n<meta name=\"robots\" content=\"index, follow, max-snippet:-1, max-image-preview:large, max-video-preview:-1\" \/>\n<link rel=\"canonical\" href=\"https:\/\/core.uqam.ca\/en\/people\/\" \/>\n<meta property=\"og:locale\" content=\"en_US\" \/>\n<meta property=\"og:type\" content=\"article\" \/>\n<meta property=\"og:title\" content=\"Team\" \/>\n<meta property=\"og:description\" content=\"texte pour la page \u00e9quipe\" \/>\n<meta property=\"og:url\" content=\"https:\/\/core.uqam.ca\/en\/people\/\" \/>\n<meta property=\"og:site_name\" content=\"Laboratoire cognitions et relations\" \/>\n<meta property=\"article:modified_time\" content=\"2024-10-31T17:15:46+00:00\" \/>\n<meta name=\"twitter:card\" content=\"summary_large_image\" \/>\n<meta name=\"twitter:label1\" content=\"Est. reading time\" \/>\n\t<meta name=\"twitter:data1\" content=\"1 minute\" \/>\n<script type=\"application\/ld+json\" class=\"yoast-schema-graph\">{\"@context\":\"https:\\\/\\\/schema.org\",\"@graph\":[{\"@type\":\"WebPage\",\"@id\":\"https:\\\/\\\/core.uqam.ca\\\/en\\\/people\\\/\",\"url\":\"https:\\\/\\\/core.uqam.ca\\\/en\\\/people\\\/\",\"name\":\"Team | Laboratoire cognitions et relations | UQAM\",\"isPartOf\":{\"@id\":\"https:\\\/\\\/core.uqam.ca\\\/#website\"},\"datePublished\":\"2023-05-30T13:57:40+00:00\",\"dateModified\":\"2024-10-31T17:15:46+00:00\",\"breadcrumb\":{\"@id\":\"https:\\\/\\\/core.uqam.ca\\\/en\\\/people\\\/#breadcrumb\"},\"inLanguage\":\"en-US\",\"potentialAction\":[{\"@type\":\"ReadAction\",\"target\":[\"https:\\\/\\\/core.uqam.ca\\\/en\\\/people\\\/\"]}]},{\"@type\":\"BreadcrumbList\",\"@id\":\"https:\\\/\\\/core.uqam.ca\\\/en\\\/people\\\/#breadcrumb\",\"itemListElement\":[{\"@type\":\"ListItem\",\"position\":1,\"name\":\"UQAM\",\"item\":\"https:\\\/\\\/uqam.ca\"},{\"@type\":\"ListItem\",\"position\":2,\"name\":\"Laboratoire cognitions et relations\",\"item\":\"https:\\\/\\\/core.uqam.ca\\\/en\\\/\"},{\"@type\":\"ListItem\",\"position\":3,\"name\":\"Team\"}]},{\"@type\":\"WebSite\",\"@id\":\"https:\\\/\\\/core.uqam.ca\\\/#website\",\"url\":\"https:\\\/\\\/core.uqam.ca\\\/\",\"name\":\"Laboratoire cognitions et relations\",\"description\":\"\",\"publisher\":{\"@id\":\"https:\\\/\\\/core.uqam.ca\\\/#organization\"},\"potentialAction\":[{\"@type\":\"SearchAction\",\"target\":{\"@type\":\"EntryPoint\",\"urlTemplate\":\"https:\\\/\\\/core.uqam.ca\\\/en\\\/\\\/recherche\\\/?q={search_term_string}\"},\"query-input\":{\"@type\":\"PropertyValueSpecification\",\"valueRequired\":true,\"valueName\":\"search_term_string\"}}],\"inLanguage\":\"en-US\"},{\"@type\":\"Organization\",\"@id\":\"https:\\\/\\\/core.uqam.ca\\\/#organization\",\"name\":\"Laboratoire cognitions et relations\",\"url\":\"https:\\\/\\\/core.uqam.ca\\\/\",\"logo\":{\"@type\":\"ImageObject\",\"inLanguage\":\"en-US\",\"@id\":\"https:\\\/\\\/core.uqam.ca\\\/#\\\/schema\\\/logo\\\/image\\\/\",\"url\":\"https:\\\/\\\/gabarit-adaptatif.uqam.ca\\\/statique\\\/images\\\/logo-uqam.jpg\",\"contentUrl\":\"\",\"caption\":\"Laboratoire cognitions et relations\"},\"image\":{\"@id\":\"https:\\\/\\\/core.uqam.ca\\\/#\\\/schema\\\/logo\\\/image\\\/\"},\"parentOrganization\":{\"@type\":\"EducationalOrganization\",\"@id\":\"https:\\\/\\\/uqam.ca\\\/#organization\",\"name\":\"Universit\u00e9 du Qu\u00e9bec \u00e0 Montr\u00e9al\",\"url\":\"https:\\\/\\\/uqam.ca\",\"alternateName\":\"UQAM\",\"logo\":\"https:\\\/\\\/gabarit-adaptatif.uqam.ca\\\/statique\\\/images\\\/logo-uqam.jpg\"}}]}<\/script>\n<!-- \/ Yoast SEO Premium plugin. -->","yoast_head_json":{"title":"Team | Laboratoire cognitions et relations | UQAM","robots":{"index":"index","follow":"follow","max-snippet":"max-snippet:-1","max-image-preview":"max-image-preview:large","max-video-preview":"max-video-preview:-1"},"canonical":"https:\/\/core.uqam.ca\/en\/people\/","og_locale":"en_US","og_type":"article","og_title":"Team","og_description":"texte pour la page \u00e9quipe","og_url":"https:\/\/core.uqam.ca\/en\/people\/","og_site_name":"Laboratoire cognitions et relations","article_modified_time":"2024-10-31T17:15:46+00:00","twitter_card":"summary_large_image","twitter_misc":{"Est. reading time":"1 minute"},"schema":{"@context":"https:\/\/schema.org","@graph":[{"@type":"WebPage","@id":"https:\/\/core.uqam.ca\/en\/people\/","url":"https:\/\/core.uqam.ca\/en\/people\/","name":"Team | Laboratoire cognitions et relations | UQAM","isPartOf":{"@id":"https:\/\/core.uqam.ca\/#website"},"datePublished":"2023-05-30T13:57:40+00:00","dateModified":"2024-10-31T17:15:46+00:00","breadcrumb":{"@id":"https:\/\/core.uqam.ca\/en\/people\/#breadcrumb"},"inLanguage":"en-US","potentialAction":[{"@type":"ReadAction","target":["https:\/\/core.uqam.ca\/en\/people\/"]}]},{"@type":"BreadcrumbList","@id":"https:\/\/core.uqam.ca\/en\/people\/#breadcrumb","itemListElement":[{"@type":"ListItem","position":1,"name":"UQAM","item":"https:\/\/uqam.ca"},{"@type":"ListItem","position":2,"name":"Laboratoire cognitions et relations","item":"https:\/\/core.uqam.ca\/en\/"},{"@type":"ListItem","position":3,"name":"Team"}]},{"@type":"WebSite","@id":"https:\/\/core.uqam.ca\/#website","url":"https:\/\/core.uqam.ca\/","name":"Laboratoire cognitions et relations","description":"","publisher":{"@id":"https:\/\/core.uqam.ca\/#organization"},"potentialAction":[{"@type":"SearchAction","target":{"@type":"EntryPoint","urlTemplate":"https:\/\/core.uqam.ca\/en\/\/recherche\/?q={search_term_string}"},"query-input":{"@type":"PropertyValueSpecification","valueRequired":true,"valueName":"search_term_string"}}],"inLanguage":"en-US"},{"@type":"Organization","@id":"https:\/\/core.uqam.ca\/#organization","name":"Laboratoire cognitions et relations","url":"https:\/\/core.uqam.ca\/","logo":{"@type":"ImageObject","inLanguage":"en-US","@id":"https:\/\/core.uqam.ca\/#\/schema\/logo\/image\/","url":"https:\/\/gabarit-adaptatif.uqam.ca\/statique\/images\/logo-uqam.jpg","contentUrl":"","caption":"Laboratoire cognitions et relations"},"image":{"@id":"https:\/\/core.uqam.ca\/#\/schema\/logo\/image\/"},"parentOrganization":{"@type":"EducationalOrganization","@id":"https:\/\/uqam.ca\/#organization","name":"Universit\u00e9 du Qu\u00e9bec \u00e0 Montr\u00e9al","url":"https:\/\/uqam.ca","alternateName":"UQAM","logo":"https:\/\/gabarit-adaptatif.uqam.ca\/statique\/images\/logo-uqam.jpg"}}]}},"_links":{"self":[{"href":"https:\/\/core.uqam.ca\/en\/wp-json\/wp\/v2\/pages\/451","targetHints":{"allow":["GET"]}}],"collection":[{"href":"https:\/\/core.uqam.ca\/en\/wp-json\/wp\/v2\/pages"}],"about":[{"href":"https:\/\/core.uqam.ca\/en\/wp-json\/wp\/v2\/types\/page"}],"author":[{"embeddable":true,"href":"https:\/\/core.uqam.ca\/en\/wp-json\/wp\/v2\/users\/8"}],"replies":[{"embeddable":true,"href":"https:\/\/core.uqam.ca\/en\/wp-json\/wp\/v2\/comments?post=451"}],"version-history":[{"count":2,"href":"https:\/\/core.uqam.ca\/en\/wp-json\/wp\/v2\/pages\/451\/revisions"}],"predecessor-version":[{"id":1137,"href":"https:\/\/core.uqam.ca\/en\/wp-json\/wp\/v2\/pages\/451\/revisions\/1137"}],"wp:attachment":[{"href":"https:\/\/core.uqam.ca\/en\/wp-json\/wp\/v2\/media?parent=451"}],"wp:term":[{"taxonomy":"category","embeddable":true,"href":"https:\/\/core.uqam.ca\/en\/wp-json\/wp\/v2\/categories?post=451"}],"curies":[{"name":"wp","href":"https:\/\/api.w.org\/{rel}","templated":true}]}}