{"id":455,"date":"2023-06-26T16:41:02","date_gmt":"2023-06-26T20:41:02","guid":{"rendered":"https:\/\/core.uqam.ca\/research-2\/past-projects\/"},"modified":"2026-01-21T14:05:24","modified_gmt":"2026-01-21T19:05:24","slug":"past-projects","status":"publish","type":"page","link":"https:\/\/core.uqam.ca\/en\/research\/past-projects\/","title":{"rendered":"Past Projects"},"content":{"rendered":"\n<h2 class=\"wp-block-heading\">JADIS 2023-25 | Joint attention and discrimination<\/h2>\n\n\n\n<h2 class=\"wp-block-heading\"><\/h2>\n\n\n\n<div class=\"wp-block-media-text has-media-on-the-right is-stacked-on-mobile\" style=\"grid-template-columns:auto 33%\"><div class=\"wp-block-media-text__content\">\n<p>Social discrimination against underrepresented groups plagues our society at multiple levels. What if we had a simple tool to cure it? Rogers et al. 2014 showed that gaze-induced implicit learning of trust influenced subsequent economic transactions such that participants made more altruistic donations to individuals whose gaze had always been predictive of target location in a previous gaze-cuing task. The present project, in collaboration with <a href=\"https:\/\/research-portal.uea.ac.uk\/en\/persons\/andrew-bayliss\" target=\"_blank\" rel=\"noreferrer noopener\">Andrew Bayliss<\/a>, aims to investigate whether this implicit learning of trust induced by gaze behaviours can be used to increase intergroup giving, which could in turn be a powerful tool for reducing social discrimination between different social groups.<\/p>\n\n\n\n<p>Click <a href=\"https:\/\/doi.org\/10.1080\/02699931.2025.2609939\" target=\"_blank\" rel=\"noreferrer noopener\">here<\/a> to read the article.<\/p>\n<\/div><figure class=\"wp-block-media-text__media\"><img loading=\"lazy\" decoding=\"async\" width=\"831\" height=\"845\" src=\"https:\/\/core.uqam.ca\/wp-content\/uploads\/sites\/102\/2023\/08\/JADIS_v4_EN-1.png\" alt=\"\" class=\"wp-image-599 size-full\" srcset=\"https:\/\/core.uqam.ca\/wp-content\/uploads\/sites\/102\/2023\/08\/JADIS_v4_EN-1.png 831w, https:\/\/core.uqam.ca\/wp-content\/uploads\/sites\/102\/2023\/08\/JADIS_v4_EN-1-295x300.png 295w, https:\/\/core.uqam.ca\/wp-content\/uploads\/sites\/102\/2023\/08\/JADIS_v4_EN-1-768x781.png 768w\" sizes=\"auto, (max-width: 831px) 100vw, 831px\" \/><\/figure><\/div>\n\n\n\n<p><\/p>\n\n\n\n<p><\/p>\n\n\n\n<h2 class=\"wp-block-heading\">COUGO 2024-2025 | Research-driven change in couples<\/h2>\n\n\n\n<h2 class=\"wp-block-heading\"><\/h2>\n\n\n\n<div class=\"wp-block-media-text is-stacked-on-mobile\" style=\"grid-template-columns:29% auto\"><figure class=\"wp-block-media-text__media\"><img loading=\"lazy\" decoding=\"async\" width=\"339\" height=\"335\" src=\"https:\/\/core.uqam.ca\/wp-content\/uploads\/sites\/102\/2024\/01\/istockphoto-1204147188-612x612-1.jpg\" alt=\"2 hands holding.\" class=\"wp-image-746 size-full\" srcset=\"https:\/\/core.uqam.ca\/wp-content\/uploads\/sites\/102\/2024\/01\/istockphoto-1204147188-612x612-1.jpg 339w, https:\/\/core.uqam.ca\/wp-content\/uploads\/sites\/102\/2024\/01\/istockphoto-1204147188-612x612-1-300x296.jpg 300w\" sizes=\"auto, (max-width: 339px) 100vw, 339px\" \/><\/figure><div class=\"wp-block-media-text__content\">\n<p>In couple therapy, the relationship is often said to be the client \u2013 but what does that mean? Reflecting on change in couples from a systemic perspective, this theoretical project aims to integrate knowledge from couple therapy and relationship science to emphasize the best practices for identifying couples\u2019 goals for change.<\/p>\n\n\n\n<p>Click <a href=\"https:\/\/www.frontiersin.org\/journals\/psychology\/articles\/10.3389\/fpsyg.2024.1438394\/full\" target=\"_blank\" rel=\"noreferrer noopener\">here<\/a> to read the article.<\/p>\n<\/div><\/div>\n\n\n\n<p><\/p>\n\n\n\n<p><\/p>\n\n\n\n<h2 class=\"wp-block-heading\">VISBE 2023-24 | Attention and Social Behavior<\/h2>\n\n\n\n<p><\/p>\n\n\n\n<h2 class=\"wp-block-heading\"><\/h2>\n\n\n\n<div class=\"wp-block-media-text alignwide has-media-on-the-right is-stacked-on-mobile\" style=\"grid-template-columns:auto 29%\"><div class=\"wp-block-media-text__content\">\n<p>Humans constantly use their visual attention to interact. Two people often make eye contact while talking or jointly look at objects around them for common reference. Yet, despite this important role, attention has been investigated primarily from a neurocognitive perspective, aiming to reveal the effects of social stimuli on attention. While this approach has generated great knowledge on the mechanisms of attention, it has hindered an understanding of the role that attention has on fundamental social processes. <a href=\"https:\/\/professeurs.uqam.ca\/professeur\/capozzi.francesca\/\" target=\"_blank\" rel=\"noreferrer noopener\">Francesca Capozzi<\/a> and <a href=\"https:\/\/psych.ubc.ca\/profile\/alan-kingstone\/\" target=\"_blank\" rel=\"noreferrer noopener\">Alan Kingstone<\/a> are working on this review project to showcase the impact of social attention on human social behavior and discuss ways the study of attention may inform social psychology investigations and theory.<\/p>\n\n\n\n<p>Click <a href=\"https:\/\/compass.onlinelibrary.wiley.com\/doi\/10.1111\/spc3.12910\" target=\"_blank\" rel=\"noreferrer noopener\">here<\/a> to read the review.<\/p>\n<\/div><figure class=\"wp-block-media-text__media\"><img loading=\"lazy\" decoding=\"async\" width=\"758\" height=\"790\" src=\"https:\/\/core.uqam.ca\/wp-content\/uploads\/sites\/102\/2023\/08\/VISBE_v3.png\" alt=\"VISBE project's picture\" class=\"wp-image-559 size-full\" srcset=\"https:\/\/core.uqam.ca\/wp-content\/uploads\/sites\/102\/2023\/08\/VISBE_v3.png 758w, https:\/\/core.uqam.ca\/wp-content\/uploads\/sites\/102\/2023\/08\/VISBE_v3-288x300.png 288w\" sizes=\"auto, (max-width: 758px) 100vw, 758px\" \/><\/figure><\/div>\n\n\n\n<p><\/p>\n\n\n\n<h2 class=\"wp-block-heading\">GAZEDY 2022 | Gaze behavior in couple life<\/h2>\n\n\n\n<p><\/p>\n\n\n\n<h2 class=\"wp-block-heading\"><\/h2>\n\n\n\n<div class=\"wp-block-media-text alignwide is-stacked-on-mobile\" style=\"grid-template-columns:42% auto\"><figure class=\"wp-block-media-text__media\"><img loading=\"lazy\" decoding=\"async\" width=\"1024\" height=\"527\" src=\"https:\/\/core.uqam.ca\/wp-content\/uploads\/sites\/102\/2023\/06\/Shutterstock_1770070988-1024x527.png\" alt=\"GAZEDY project's picture\" class=\"wp-image-332 size-full\" srcset=\"https:\/\/core.uqam.ca\/wp-content\/uploads\/sites\/102\/2023\/06\/Shutterstock_1770070988-1024x527.png 1024w, https:\/\/core.uqam.ca\/wp-content\/uploads\/sites\/102\/2023\/06\/Shutterstock_1770070988-300x155.png 300w, https:\/\/core.uqam.ca\/wp-content\/uploads\/sites\/102\/2023\/06\/Shutterstock_1770070988-768x396.png 768w, https:\/\/core.uqam.ca\/wp-content\/uploads\/sites\/102\/2023\/06\/Shutterstock_1770070988-1536x791.png 1536w, https:\/\/core.uqam.ca\/wp-content\/uploads\/sites\/102\/2023\/06\/Shutterstock_1770070988-2048x1055.png 2048w\" sizes=\"auto, (max-width: 1024px) 100vw, 1024px\" \/><\/figure><div class=\"wp-block-media-text__content\">\n<p>Life as a couple has a fundamental impact on human well-being, especially during major personal challenges, such as loss, illness or immigration experience. In collaboration with <a href=\"https:\/\/professeurs.uqam.ca\/professeur\/doucerain.marina\/\" target=\"_blank\" rel=\"noreferrer noopener\">Marina Doucerain<\/a>, from the CIEL laboratory, we sought to examine non-verbal communication, more specifically gaze behaviors, in interviews of couples who had experienced immigration The results allowed us to see that gaze behaviors act as fundamental indicators of affective processes. Therefore, studying non-verbal behaviors in future research could promote a better understanding of interpersonal processes.<\/p>\n\n\n\n<p><a href=\"https:\/\/core.uqam.ca\/wp-content\/uploads\/sites\/102\/2023\/07\/Template.PPT.AFFICHE_v10.pdf\" target=\"_blank\" rel=\"noreferrer noopener\">Here<\/a> is the link for the poster.<\/p>\n<\/div><\/div>\n","protected":false},"excerpt":{"rendered":"<p>JADIS 2023-25 | Joint attention and discrimination Social discrimination against underrepresented groups plagues our society at multiple levels. What if we had a simple tool to cure it? Rogers et al. 2014 showed that gaze-induced implicit learning of trust influenced subsequent economic transactions such that participants made more altruistic donations to individuals whose gaze had [&hellip;]<\/p>\n","protected":false},"author":317,"featured_media":0,"parent":449,"menu_order":1,"comment_status":"closed","ping_status":"closed","template":"","meta":{"footnotes":""},"categories":[],"class_list":["post-455","page","type-page","status-publish","hentry"],"yoast_head":"<!-- This site is optimized with the Yoast SEO Premium plugin v27.4 (Yoast SEO v27.4) - https:\/\/yoast.com\/product\/yoast-seo-premium-wordpress\/ -->\n<title>Past Projects | Laboratoire cognitions et relations | UQAM<\/title>\n<meta name=\"robots\" content=\"index, follow, max-snippet:-1, max-image-preview:large, max-video-preview:-1\" \/>\n<link rel=\"canonical\" href=\"https:\/\/core.uqam.ca\/en\/research\/past-projects\/\" \/>\n<meta property=\"og:locale\" content=\"en_US\" \/>\n<meta property=\"og:type\" content=\"article\" \/>\n<meta property=\"og:title\" content=\"Past Projects\" \/>\n<meta property=\"og:description\" content=\"JADIS 2023-25 | Joint attention and discrimination Social discrimination against underrepresented groups plagues our society at multiple levels. What if we had a simple tool to cure it? Rogers et al. 2014 showed that gaze-induced implicit learning of trust influenced subsequent economic transactions such that participants made more altruistic donations to individuals whose gaze had [&hellip;]\" \/>\n<meta property=\"og:url\" content=\"https:\/\/core.uqam.ca\/en\/research\/past-projects\/\" \/>\n<meta property=\"og:site_name\" content=\"Laboratoire cognitions et relations\" \/>\n<meta property=\"article:modified_time\" content=\"2026-01-21T19:05:24+00:00\" \/>\n<meta property=\"og:image\" content=\"https:\/\/core.uqam.ca\/wp-content\/uploads\/sites\/102\/2023\/08\/JADIS_v4_EN-1.png\" \/>\n\t<meta property=\"og:image:width\" content=\"831\" \/>\n\t<meta property=\"og:image:height\" content=\"845\" \/>\n\t<meta property=\"og:image:type\" content=\"image\/png\" \/>\n<meta name=\"twitter:card\" content=\"summary_large_image\" \/>\n<meta name=\"twitter:label1\" content=\"Est. reading time\" \/>\n\t<meta name=\"twitter:data1\" content=\"3 minutes\" \/>\n<script type=\"application\/ld+json\" class=\"yoast-schema-graph\">{\"@context\":\"https:\\\/\\\/schema.org\",\"@graph\":[{\"@type\":\"WebPage\",\"@id\":\"https:\\\/\\\/core.uqam.ca\\\/en\\\/research\\\/past-projects\\\/\",\"url\":\"https:\\\/\\\/core.uqam.ca\\\/en\\\/research\\\/past-projects\\\/\",\"name\":\"Past Projects | Laboratoire cognitions et relations | UQAM\",\"isPartOf\":{\"@id\":\"https:\\\/\\\/core.uqam.ca\\\/#website\"},\"primaryImageOfPage\":{\"@id\":\"https:\\\/\\\/core.uqam.ca\\\/en\\\/research\\\/past-projects\\\/#primaryimage\"},\"image\":{\"@id\":\"https:\\\/\\\/core.uqam.ca\\\/en\\\/research\\\/past-projects\\\/#primaryimage\"},\"thumbnailUrl\":\"https:\\\/\\\/core.uqam.ca\\\/wp-content\\\/uploads\\\/sites\\\/102\\\/2023\\\/08\\\/JADIS_v4_EN-1.png\",\"datePublished\":\"2023-06-26T20:41:02+00:00\",\"dateModified\":\"2026-01-21T19:05:24+00:00\",\"breadcrumb\":{\"@id\":\"https:\\\/\\\/core.uqam.ca\\\/en\\\/research\\\/past-projects\\\/#breadcrumb\"},\"inLanguage\":\"en-US\",\"potentialAction\":[{\"@type\":\"ReadAction\",\"target\":[\"https:\\\/\\\/core.uqam.ca\\\/en\\\/research\\\/past-projects\\\/\"]}]},{\"@type\":\"ImageObject\",\"inLanguage\":\"en-US\",\"@id\":\"https:\\\/\\\/core.uqam.ca\\\/en\\\/research\\\/past-projects\\\/#primaryimage\",\"url\":\"https:\\\/\\\/core.uqam.ca\\\/wp-content\\\/uploads\\\/sites\\\/102\\\/2023\\\/08\\\/JADIS_v4_EN-1.png\",\"contentUrl\":\"https:\\\/\\\/core.uqam.ca\\\/wp-content\\\/uploads\\\/sites\\\/102\\\/2023\\\/08\\\/JADIS_v4_EN-1.png\"},{\"@type\":\"BreadcrumbList\",\"@id\":\"https:\\\/\\\/core.uqam.ca\\\/en\\\/research\\\/past-projects\\\/#breadcrumb\",\"itemListElement\":[{\"@type\":\"ListItem\",\"position\":1,\"name\":\"UQAM\",\"item\":\"https:\\\/\\\/uqam.ca\"},{\"@type\":\"ListItem\",\"position\":2,\"name\":\"Laboratoire cognitions et relations\",\"item\":\"https:\\\/\\\/core.uqam.ca\\\/en\\\/\"},{\"@type\":\"ListItem\",\"position\":3,\"name\":\"Research\",\"item\":\"https:\\\/\\\/core.uqam.ca\\\/en\\\/research\\\/\"},{\"@type\":\"ListItem\",\"position\":4,\"name\":\"Past Projects\"}]},{\"@type\":\"WebSite\",\"@id\":\"https:\\\/\\\/core.uqam.ca\\\/#website\",\"url\":\"https:\\\/\\\/core.uqam.ca\\\/\",\"name\":\"Laboratoire cognitions et relations\",\"description\":\"\",\"publisher\":{\"@id\":\"https:\\\/\\\/core.uqam.ca\\\/#organization\"},\"potentialAction\":[{\"@type\":\"SearchAction\",\"target\":{\"@type\":\"EntryPoint\",\"urlTemplate\":\"https:\\\/\\\/core.uqam.ca\\\/en\\\/\\\/recherche\\\/?q={search_term_string}\"},\"query-input\":{\"@type\":\"PropertyValueSpecification\",\"valueRequired\":true,\"valueName\":\"search_term_string\"}}],\"inLanguage\":\"en-US\"},{\"@type\":\"Organization\",\"@id\":\"https:\\\/\\\/core.uqam.ca\\\/#organization\",\"name\":\"Laboratoire cognitions et relations\",\"url\":\"https:\\\/\\\/core.uqam.ca\\\/\",\"logo\":{\"@type\":\"ImageObject\",\"inLanguage\":\"en-US\",\"@id\":\"https:\\\/\\\/core.uqam.ca\\\/#\\\/schema\\\/logo\\\/image\\\/\",\"url\":\"https:\\\/\\\/gabarit-adaptatif.uqam.ca\\\/statique\\\/images\\\/logo-uqam.jpg\",\"contentUrl\":\"\",\"caption\":\"Laboratoire cognitions et relations\"},\"image\":{\"@id\":\"https:\\\/\\\/core.uqam.ca\\\/#\\\/schema\\\/logo\\\/image\\\/\"},\"parentOrganization\":{\"@type\":\"EducationalOrganization\",\"@id\":\"https:\\\/\\\/uqam.ca\\\/#organization\",\"name\":\"Universit\u00e9 du Qu\u00e9bec \u00e0 Montr\u00e9al\",\"url\":\"https:\\\/\\\/uqam.ca\",\"alternateName\":\"UQAM\",\"logo\":\"https:\\\/\\\/gabarit-adaptatif.uqam.ca\\\/statique\\\/images\\\/logo-uqam.jpg\"}}]}<\/script>\n<!-- \/ Yoast SEO Premium plugin. -->","yoast_head_json":{"title":"Past Projects | Laboratoire cognitions et relations | UQAM","robots":{"index":"index","follow":"follow","max-snippet":"max-snippet:-1","max-image-preview":"max-image-preview:large","max-video-preview":"max-video-preview:-1"},"canonical":"https:\/\/core.uqam.ca\/en\/research\/past-projects\/","og_locale":"en_US","og_type":"article","og_title":"Past Projects","og_description":"JADIS 2023-25 | Joint attention and discrimination Social discrimination against underrepresented groups plagues our society at multiple levels. What if we had a simple tool to cure it? Rogers et al. 2014 showed that gaze-induced implicit learning of trust influenced subsequent economic transactions such that participants made more altruistic donations to individuals whose gaze had [&hellip;]","og_url":"https:\/\/core.uqam.ca\/en\/research\/past-projects\/","og_site_name":"Laboratoire cognitions et relations","article_modified_time":"2026-01-21T19:05:24+00:00","og_image":[{"width":831,"height":845,"url":"https:\/\/core.uqam.ca\/wp-content\/uploads\/sites\/102\/2023\/08\/JADIS_v4_EN-1.png","type":"image\/png"}],"twitter_card":"summary_large_image","twitter_misc":{"Est. reading time":"3 minutes"},"schema":{"@context":"https:\/\/schema.org","@graph":[{"@type":"WebPage","@id":"https:\/\/core.uqam.ca\/en\/research\/past-projects\/","url":"https:\/\/core.uqam.ca\/en\/research\/past-projects\/","name":"Past Projects | Laboratoire cognitions et relations | UQAM","isPartOf":{"@id":"https:\/\/core.uqam.ca\/#website"},"primaryImageOfPage":{"@id":"https:\/\/core.uqam.ca\/en\/research\/past-projects\/#primaryimage"},"image":{"@id":"https:\/\/core.uqam.ca\/en\/research\/past-projects\/#primaryimage"},"thumbnailUrl":"https:\/\/core.uqam.ca\/wp-content\/uploads\/sites\/102\/2023\/08\/JADIS_v4_EN-1.png","datePublished":"2023-06-26T20:41:02+00:00","dateModified":"2026-01-21T19:05:24+00:00","breadcrumb":{"@id":"https:\/\/core.uqam.ca\/en\/research\/past-projects\/#breadcrumb"},"inLanguage":"en-US","potentialAction":[{"@type":"ReadAction","target":["https:\/\/core.uqam.ca\/en\/research\/past-projects\/"]}]},{"@type":"ImageObject","inLanguage":"en-US","@id":"https:\/\/core.uqam.ca\/en\/research\/past-projects\/#primaryimage","url":"https:\/\/core.uqam.ca\/wp-content\/uploads\/sites\/102\/2023\/08\/JADIS_v4_EN-1.png","contentUrl":"https:\/\/core.uqam.ca\/wp-content\/uploads\/sites\/102\/2023\/08\/JADIS_v4_EN-1.png"},{"@type":"BreadcrumbList","@id":"https:\/\/core.uqam.ca\/en\/research\/past-projects\/#breadcrumb","itemListElement":[{"@type":"ListItem","position":1,"name":"UQAM","item":"https:\/\/uqam.ca"},{"@type":"ListItem","position":2,"name":"Laboratoire cognitions et relations","item":"https:\/\/core.uqam.ca\/en\/"},{"@type":"ListItem","position":3,"name":"Research","item":"https:\/\/core.uqam.ca\/en\/research\/"},{"@type":"ListItem","position":4,"name":"Past Projects"}]},{"@type":"WebSite","@id":"https:\/\/core.uqam.ca\/#website","url":"https:\/\/core.uqam.ca\/","name":"Laboratoire cognitions et relations","description":"","publisher":{"@id":"https:\/\/core.uqam.ca\/#organization"},"potentialAction":[{"@type":"SearchAction","target":{"@type":"EntryPoint","urlTemplate":"https:\/\/core.uqam.ca\/en\/\/recherche\/?q={search_term_string}"},"query-input":{"@type":"PropertyValueSpecification","valueRequired":true,"valueName":"search_term_string"}}],"inLanguage":"en-US"},{"@type":"Organization","@id":"https:\/\/core.uqam.ca\/#organization","name":"Laboratoire cognitions et relations","url":"https:\/\/core.uqam.ca\/","logo":{"@type":"ImageObject","inLanguage":"en-US","@id":"https:\/\/core.uqam.ca\/#\/schema\/logo\/image\/","url":"https:\/\/gabarit-adaptatif.uqam.ca\/statique\/images\/logo-uqam.jpg","contentUrl":"","caption":"Laboratoire cognitions et relations"},"image":{"@id":"https:\/\/core.uqam.ca\/#\/schema\/logo\/image\/"},"parentOrganization":{"@type":"EducationalOrganization","@id":"https:\/\/uqam.ca\/#organization","name":"Universit\u00e9 du Qu\u00e9bec \u00e0 Montr\u00e9al","url":"https:\/\/uqam.ca","alternateName":"UQAM","logo":"https:\/\/gabarit-adaptatif.uqam.ca\/statique\/images\/logo-uqam.jpg"}}]}},"_links":{"self":[{"href":"https:\/\/core.uqam.ca\/en\/wp-json\/wp\/v2\/pages\/455","targetHints":{"allow":["GET"]}}],"collection":[{"href":"https:\/\/core.uqam.ca\/en\/wp-json\/wp\/v2\/pages"}],"about":[{"href":"https:\/\/core.uqam.ca\/en\/wp-json\/wp\/v2\/types\/page"}],"author":[{"embeddable":true,"href":"https:\/\/core.uqam.ca\/en\/wp-json\/wp\/v2\/users\/317"}],"replies":[{"embeddable":true,"href":"https:\/\/core.uqam.ca\/en\/wp-json\/wp\/v2\/comments?post=455"}],"version-history":[{"count":10,"href":"https:\/\/core.uqam.ca\/en\/wp-json\/wp\/v2\/pages\/455\/revisions"}],"predecessor-version":[{"id":1653,"href":"https:\/\/core.uqam.ca\/en\/wp-json\/wp\/v2\/pages\/455\/revisions\/1653"}],"up":[{"embeddable":true,"href":"https:\/\/core.uqam.ca\/en\/wp-json\/wp\/v2\/pages\/449"}],"wp:attachment":[{"href":"https:\/\/core.uqam.ca\/en\/wp-json\/wp\/v2\/media?parent=455"}],"wp:term":[{"taxonomy":"category","embeddable":true,"href":"https:\/\/core.uqam.ca\/en\/wp-json\/wp\/v2\/categories?post=455"}],"curies":[{"name":"wp","href":"https:\/\/api.w.org\/{rel}","templated":true}]}}