{"id":459,"date":"2023-05-30T09:59:51","date_gmt":"2023-05-30T13:59:51","guid":{"rendered":"https:\/\/core.uqam.ca\/news-2\/"},"modified":"2024-03-07T16:46:05","modified_gmt":"2024-03-07T21:46:05","slug":"news","status":"publish","type":"page","link":"https:\/\/core.uqam.ca\/en\/news\/","title":{"rendered":"News"},"content":{"rendered":"\n<p><\/p>\n\n<h2 class=\"wp-block-heading\"><\/h2>\n\n<div class=\"wp-block-media-text alignwide has-media-on-the-right is-stacked-on-mobile\" style=\"grid-template-columns:auto 30%\"><div class=\"wp-block-media-text__content\">\n<p><strong>Une nouvelle publication<\/strong><\/p>\n\n\n\n<p>Have you ever considered how visual attention can be important for social behavior? Francesca Capozzi and Alan Kingstone just published a paper on this topic, and you can find it at this <a href=\"http:\/\/doi.org\/10.1111\/spc3.12910\" target=\"_blank\" rel=\"noreferrer noopener\">link<\/a>!<\/p>\n\n\n\n<p><\/p>\n\n\n\n<p><\/p>\n<\/div><figure class=\"wp-block-media-text__media\"><img loading=\"lazy\" decoding=\"async\" width=\"1024\" height=\"678\" src=\"https:\/\/core.uqam.ca\/wp-content\/uploads\/sites\/102\/2023\/10\/VISBE_CORE_v4-1024x678.jpg\" alt=\"VISBE project&#039;s picture\" class=\"wp-image-728 size-full\" srcset=\"https:\/\/core.uqam.ca\/wp-content\/uploads\/sites\/102\/2023\/10\/VISBE_CORE_v4-1024x678.jpg 1024w, https:\/\/core.uqam.ca\/wp-content\/uploads\/sites\/102\/2023\/10\/VISBE_CORE_v4-300x199.jpg 300w, https:\/\/core.uqam.ca\/wp-content\/uploads\/sites\/102\/2023\/10\/VISBE_CORE_v4-768x509.jpg 768w, https:\/\/core.uqam.ca\/wp-content\/uploads\/sites\/102\/2023\/10\/VISBE_CORE_v4.jpg 1072w\" sizes=\"auto, (max-width: 1024px) 100vw, 1024px\" \/><\/figure><\/div>\n\n<p><\/p>\n\n<h2 class=\"wp-block-heading\"><\/h2>\n\n<p><\/p>\n\n<div class=\"wp-block-media-text alignwide is-stacked-on-mobile\" style=\"grid-template-columns:35% auto\"><figure class=\"wp-block-media-text__media\"><img loading=\"lazy\" decoding=\"async\" width=\"1024\" height=\"768\" src=\"https:\/\/core.uqam.ca\/wp-content\/uploads\/sites\/102\/2023\/08\/SQRP_affiche_clara-1024x768.jpg\" alt=\"SQRP Congress&#039; picture\" class=\"wp-image-577 size-full\" srcset=\"https:\/\/core.uqam.ca\/wp-content\/uploads\/sites\/102\/2023\/08\/SQRP_affiche_clara-1024x768.jpg 1024w, https:\/\/core.uqam.ca\/wp-content\/uploads\/sites\/102\/2023\/08\/SQRP_affiche_clara-300x225.jpg 300w, https:\/\/core.uqam.ca\/wp-content\/uploads\/sites\/102\/2023\/08\/SQRP_affiche_clara-768x576.jpg 768w, https:\/\/core.uqam.ca\/wp-content\/uploads\/sites\/102\/2023\/08\/SQRP_affiche_clara-1536x1152.jpg 1536w, https:\/\/core.uqam.ca\/wp-content\/uploads\/sites\/102\/2023\/08\/SQRP_affiche_clara-2048x1536.jpg 2048w\" sizes=\"auto, (max-width: 1024px) 100vw, 1024px\" \/><\/figure><div class=\"wp-block-media-text__content\">\n<p><strong>SQRP Congress May 2023<\/strong><\/p>\n\n\n\n<p>We went to the annual congress of the Soci\u00e9t\u00e9 Qu\u00e9b\u00e9coise pour la Recherche en Psychologie which was held at the Delta Hotel in Sherbrooke. We presented a poster on our GAZEDY project, in which we took interest in gaze behaviours from interviews with immigrant couples. <\/p>\n\n\n\n<p><a href=\"https:\/\/core.uqam.ca\/wp-content\/uploads\/sites\/102\/2023\/07\/Template.PPT.AFFICHE_v10.pdf\" target=\"_blank\" rel=\"noreferrer noopener\">Here<\/a> is the link for the poster.<\/p>\n\n\n\n<p><\/p>\n<\/div><\/div>\n","protected":false},"excerpt":{"rendered":"<p>Une nouvelle publication Have you ever considered how visual attention can be important for social behavior? Francesca Capozzi and Alan Kingstone just published a paper on this topic, and you can find it at this link! SQRP Congress May 2023 We went to the annual congress of the Soci\u00e9t\u00e9 Qu\u00e9b\u00e9coise pour la Recherche en Psychologie [&hellip;]<\/p>\n","protected":false},"author":8,"featured_media":0,"parent":0,"menu_order":4,"comment_status":"closed","ping_status":"closed","template":"","meta":{"footnotes":""},"categories":[],"class_list":["post-459","page","type-page","status-publish","hentry"],"yoast_head":"<!-- This site is optimized with the Yoast SEO Premium plugin v27.4 (Yoast SEO v27.4) - https:\/\/yoast.com\/product\/yoast-seo-premium-wordpress\/ -->\n<title>News | Laboratoire cognitions et relations | UQAM<\/title>\n<meta name=\"robots\" content=\"index, follow, max-snippet:-1, max-image-preview:large, max-video-preview:-1\" \/>\n<link rel=\"canonical\" href=\"https:\/\/core.uqam.ca\/en\/news\/\" \/>\n<meta property=\"og:locale\" content=\"en_US\" \/>\n<meta property=\"og:type\" content=\"article\" \/>\n<meta property=\"og:title\" content=\"News\" \/>\n<meta property=\"og:description\" content=\"Une nouvelle publication Have you ever considered how visual attention can be important for social behavior? Francesca Capozzi and Alan Kingstone just published a paper on this topic, and you can find it at this link! SQRP Congress May 2023 We went to the annual congress of the Soci\u00e9t\u00e9 Qu\u00e9b\u00e9coise pour la Recherche en Psychologie [&hellip;]\" \/>\n<meta property=\"og:url\" content=\"https:\/\/core.uqam.ca\/en\/news\/\" \/>\n<meta property=\"og:site_name\" content=\"Laboratoire cognitions et relations\" \/>\n<meta property=\"article:modified_time\" content=\"2024-03-07T21:46:05+00:00\" \/>\n<meta property=\"og:image\" content=\"https:\/\/core.uqam.ca\/wp-content\/uploads\/sites\/102\/2023\/10\/VISBE_CORE_v4-1024x678.jpg\" \/>\n<meta name=\"twitter:card\" content=\"summary_large_image\" \/>\n<meta name=\"twitter:label1\" content=\"Est. reading time\" \/>\n\t<meta name=\"twitter:data1\" content=\"1 minute\" \/>\n<script type=\"application\/ld+json\" class=\"yoast-schema-graph\">{\"@context\":\"https:\\\/\\\/schema.org\",\"@graph\":[{\"@type\":\"WebPage\",\"@id\":\"https:\\\/\\\/core.uqam.ca\\\/en\\\/news\\\/\",\"url\":\"https:\\\/\\\/core.uqam.ca\\\/en\\\/news\\\/\",\"name\":\"News | Laboratoire cognitions et relations | UQAM\",\"isPartOf\":{\"@id\":\"https:\\\/\\\/core.uqam.ca\\\/#website\"},\"primaryImageOfPage\":{\"@id\":\"https:\\\/\\\/core.uqam.ca\\\/en\\\/news\\\/#primaryimage\"},\"image\":{\"@id\":\"https:\\\/\\\/core.uqam.ca\\\/en\\\/news\\\/#primaryimage\"},\"thumbnailUrl\":\"https:\\\/\\\/core.uqam.ca\\\/wp-content\\\/uploads\\\/sites\\\/102\\\/2023\\\/10\\\/VISBE_CORE_v4-1024x678.jpg\",\"datePublished\":\"2023-05-30T13:59:51+00:00\",\"dateModified\":\"2024-03-07T21:46:05+00:00\",\"breadcrumb\":{\"@id\":\"https:\\\/\\\/core.uqam.ca\\\/en\\\/news\\\/#breadcrumb\"},\"inLanguage\":\"en-US\",\"potentialAction\":[{\"@type\":\"ReadAction\",\"target\":[\"https:\\\/\\\/core.uqam.ca\\\/en\\\/news\\\/\"]}]},{\"@type\":\"ImageObject\",\"inLanguage\":\"en-US\",\"@id\":\"https:\\\/\\\/core.uqam.ca\\\/en\\\/news\\\/#primaryimage\",\"url\":\"https:\\\/\\\/core.uqam.ca\\\/wp-content\\\/uploads\\\/sites\\\/102\\\/2023\\\/10\\\/VISBE_CORE_v4-1024x678.jpg\",\"contentUrl\":\"https:\\\/\\\/core.uqam.ca\\\/wp-content\\\/uploads\\\/sites\\\/102\\\/2023\\\/10\\\/VISBE_CORE_v4-1024x678.jpg\"},{\"@type\":\"BreadcrumbList\",\"@id\":\"https:\\\/\\\/core.uqam.ca\\\/en\\\/news\\\/#breadcrumb\",\"itemListElement\":[{\"@type\":\"ListItem\",\"position\":1,\"name\":\"UQAM\",\"item\":\"https:\\\/\\\/uqam.ca\"},{\"@type\":\"ListItem\",\"position\":2,\"name\":\"Laboratoire cognitions et relations\",\"item\":\"https:\\\/\\\/core.uqam.ca\\\/en\\\/\"},{\"@type\":\"ListItem\",\"position\":3,\"name\":\"News\"}]},{\"@type\":\"WebSite\",\"@id\":\"https:\\\/\\\/core.uqam.ca\\\/#website\",\"url\":\"https:\\\/\\\/core.uqam.ca\\\/\",\"name\":\"Laboratoire cognitions et relations\",\"description\":\"\",\"publisher\":{\"@id\":\"https:\\\/\\\/core.uqam.ca\\\/#organization\"},\"potentialAction\":[{\"@type\":\"SearchAction\",\"target\":{\"@type\":\"EntryPoint\",\"urlTemplate\":\"https:\\\/\\\/core.uqam.ca\\\/en\\\/\\\/recherche\\\/?q={search_term_string}\"},\"query-input\":{\"@type\":\"PropertyValueSpecification\",\"valueRequired\":true,\"valueName\":\"search_term_string\"}}],\"inLanguage\":\"en-US\"},{\"@type\":\"Organization\",\"@id\":\"https:\\\/\\\/core.uqam.ca\\\/#organization\",\"name\":\"Laboratoire cognitions et relations\",\"url\":\"https:\\\/\\\/core.uqam.ca\\\/\",\"logo\":{\"@type\":\"ImageObject\",\"inLanguage\":\"en-US\",\"@id\":\"https:\\\/\\\/core.uqam.ca\\\/#\\\/schema\\\/logo\\\/image\\\/\",\"url\":\"https:\\\/\\\/gabarit-adaptatif.uqam.ca\\\/statique\\\/images\\\/logo-uqam.jpg\",\"contentUrl\":\"\",\"caption\":\"Laboratoire cognitions et relations\"},\"image\":{\"@id\":\"https:\\\/\\\/core.uqam.ca\\\/#\\\/schema\\\/logo\\\/image\\\/\"},\"parentOrganization\":{\"@type\":\"EducationalOrganization\",\"@id\":\"https:\\\/\\\/uqam.ca\\\/#organization\",\"name\":\"Universit\u00e9 du Qu\u00e9bec \u00e0 Montr\u00e9al\",\"url\":\"https:\\\/\\\/uqam.ca\",\"alternateName\":\"UQAM\",\"logo\":\"https:\\\/\\\/gabarit-adaptatif.uqam.ca\\\/statique\\\/images\\\/logo-uqam.jpg\"}}]}<\/script>\n<!-- \/ Yoast SEO Premium plugin. -->","yoast_head_json":{"title":"News | Laboratoire cognitions et relations | UQAM","robots":{"index":"index","follow":"follow","max-snippet":"max-snippet:-1","max-image-preview":"max-image-preview:large","max-video-preview":"max-video-preview:-1"},"canonical":"https:\/\/core.uqam.ca\/en\/news\/","og_locale":"en_US","og_type":"article","og_title":"News","og_description":"Une nouvelle publication Have you ever considered how visual attention can be important for social behavior? Francesca Capozzi and Alan Kingstone just published a paper on this topic, and you can find it at this link! SQRP Congress May 2023 We went to the annual congress of the Soci\u00e9t\u00e9 Qu\u00e9b\u00e9coise pour la Recherche en Psychologie [&hellip;]","og_url":"https:\/\/core.uqam.ca\/en\/news\/","og_site_name":"Laboratoire cognitions et relations","article_modified_time":"2024-03-07T21:46:05+00:00","og_image":[{"url":"https:\/\/core.uqam.ca\/wp-content\/uploads\/sites\/102\/2023\/10\/VISBE_CORE_v4-1024x678.jpg","type":"","width":"","height":""}],"twitter_card":"summary_large_image","twitter_misc":{"Est. reading time":"1 minute"},"schema":{"@context":"https:\/\/schema.org","@graph":[{"@type":"WebPage","@id":"https:\/\/core.uqam.ca\/en\/news\/","url":"https:\/\/core.uqam.ca\/en\/news\/","name":"News | Laboratoire cognitions et relations | UQAM","isPartOf":{"@id":"https:\/\/core.uqam.ca\/#website"},"primaryImageOfPage":{"@id":"https:\/\/core.uqam.ca\/en\/news\/#primaryimage"},"image":{"@id":"https:\/\/core.uqam.ca\/en\/news\/#primaryimage"},"thumbnailUrl":"https:\/\/core.uqam.ca\/wp-content\/uploads\/sites\/102\/2023\/10\/VISBE_CORE_v4-1024x678.jpg","datePublished":"2023-05-30T13:59:51+00:00","dateModified":"2024-03-07T21:46:05+00:00","breadcrumb":{"@id":"https:\/\/core.uqam.ca\/en\/news\/#breadcrumb"},"inLanguage":"en-US","potentialAction":[{"@type":"ReadAction","target":["https:\/\/core.uqam.ca\/en\/news\/"]}]},{"@type":"ImageObject","inLanguage":"en-US","@id":"https:\/\/core.uqam.ca\/en\/news\/#primaryimage","url":"https:\/\/core.uqam.ca\/wp-content\/uploads\/sites\/102\/2023\/10\/VISBE_CORE_v4-1024x678.jpg","contentUrl":"https:\/\/core.uqam.ca\/wp-content\/uploads\/sites\/102\/2023\/10\/VISBE_CORE_v4-1024x678.jpg"},{"@type":"BreadcrumbList","@id":"https:\/\/core.uqam.ca\/en\/news\/#breadcrumb","itemListElement":[{"@type":"ListItem","position":1,"name":"UQAM","item":"https:\/\/uqam.ca"},{"@type":"ListItem","position":2,"name":"Laboratoire cognitions et relations","item":"https:\/\/core.uqam.ca\/en\/"},{"@type":"ListItem","position":3,"name":"News"}]},{"@type":"WebSite","@id":"https:\/\/core.uqam.ca\/#website","url":"https:\/\/core.uqam.ca\/","name":"Laboratoire cognitions et relations","description":"","publisher":{"@id":"https:\/\/core.uqam.ca\/#organization"},"potentialAction":[{"@type":"SearchAction","target":{"@type":"EntryPoint","urlTemplate":"https:\/\/core.uqam.ca\/en\/\/recherche\/?q={search_term_string}"},"query-input":{"@type":"PropertyValueSpecification","valueRequired":true,"valueName":"search_term_string"}}],"inLanguage":"en-US"},{"@type":"Organization","@id":"https:\/\/core.uqam.ca\/#organization","name":"Laboratoire cognitions et relations","url":"https:\/\/core.uqam.ca\/","logo":{"@type":"ImageObject","inLanguage":"en-US","@id":"https:\/\/core.uqam.ca\/#\/schema\/logo\/image\/","url":"https:\/\/gabarit-adaptatif.uqam.ca\/statique\/images\/logo-uqam.jpg","contentUrl":"","caption":"Laboratoire cognitions et relations"},"image":{"@id":"https:\/\/core.uqam.ca\/#\/schema\/logo\/image\/"},"parentOrganization":{"@type":"EducationalOrganization","@id":"https:\/\/uqam.ca\/#organization","name":"Universit\u00e9 du Qu\u00e9bec \u00e0 Montr\u00e9al","url":"https:\/\/uqam.ca","alternateName":"UQAM","logo":"https:\/\/gabarit-adaptatif.uqam.ca\/statique\/images\/logo-uqam.jpg"}}]}},"_links":{"self":[{"href":"https:\/\/core.uqam.ca\/en\/wp-json\/wp\/v2\/pages\/459","targetHints":{"allow":["GET"]}}],"collection":[{"href":"https:\/\/core.uqam.ca\/en\/wp-json\/wp\/v2\/pages"}],"about":[{"href":"https:\/\/core.uqam.ca\/en\/wp-json\/wp\/v2\/types\/page"}],"author":[{"embeddable":true,"href":"https:\/\/core.uqam.ca\/en\/wp-json\/wp\/v2\/users\/8"}],"replies":[{"embeddable":true,"href":"https:\/\/core.uqam.ca\/en\/wp-json\/wp\/v2\/comments?post=459"}],"version-history":[{"count":10,"href":"https:\/\/core.uqam.ca\/en\/wp-json\/wp\/v2\/pages\/459\/revisions"}],"predecessor-version":[{"id":804,"href":"https:\/\/core.uqam.ca\/en\/wp-json\/wp\/v2\/pages\/459\/revisions\/804"}],"wp:attachment":[{"href":"https:\/\/core.uqam.ca\/en\/wp-json\/wp\/v2\/media?parent=459"}],"wp:term":[{"taxonomy":"category","embeddable":true,"href":"https:\/\/core.uqam.ca\/en\/wp-json\/wp\/v2\/categories?post=459"}],"curies":[{"name":"wp","href":"https:\/\/api.w.org\/{rel}","templated":true}]}}