{"id":825,"date":"2024-03-14T15:12:58","date_gmt":"2024-03-14T19:12:58","guid":{"rendered":"https:\/\/core.uqam.ca\/participate-2\/"},"modified":"2026-01-26T13:24:56","modified_gmt":"2026-01-26T18:24:56","slug":"participate-2","status":"publish","type":"page","link":"https:\/\/core.uqam.ca\/en\/participate-2\/","title":{"rendered":"Participate"},"content":{"rendered":"\n<p>For questions or information about the laboratory and research projects, please contact us at:<strong> <a href=\"mailto:core.labo.uqam@gmail.com\">core.labo.uqam@gmail.com<\/a><\/strong><\/p>\n\n\n\n<p><\/p>\n\n\n\n<h2 class=\"wp-block-heading\">Honor thesis, doctorate, and postdoc<\/h2>\n\n\n\n<p>At CORE, we consider candidacies for honor thesis, doctorate, and postdoc positions on an ongoing basis. If interested, please get in touch with Dr. Capozzi directly at <a href=\"mailto:capozzi.francesca@uqam.ca\">capozzi.francesca@uqam.ca<\/a> by specifying or providing the following:<\/p>\n\n\n\n<ol class=\"wp-block-list\">\n<li>For what position are you applying (honor thesis, doctorate, or postdoc)<\/li>\n\n\n\n<li>CV and transcript (the transcript can be unofficial)<\/li>\n\n\n\n<li>A message or letter explaining your interest in working with us (please be specific)<\/li>\n\n\n\n<li>A possible timeline of the next steps (e.g., anticipated starting date, any deadlines ahead, etc.)<\/li>\n<\/ol>\n\n\n\n<p>Please note that CORE now accepts doctorate candidates in all profiles (clinical, research, or double profile) as long as they have a clear interest in research. Experimental research is the lab&#8217;s primary activity. Please also note that Dr. Capozzi will automatically reject requests for projects outside the lab\u2019s scope or interests.<\/p>\n\n\n\n<p><\/p>\n\n\n\n<p><\/p>\n\n\n\n<h2 class=\"wp-block-heading\">Research assistant<\/h2>\n\n\n\n<p>Are you motivated to join our research team?<\/p>\n\n\n\n<p>Depending on your skills and interests, you could be involved in one of our research projects. To apply, please send the following documents to&nbsp;<a href=\"mailto:core.labo.uqam@gmail.com\">core.labo.uqam@gmail.com<\/a>. We will add you to our candidate database and contact you when an opportunity arises:<\/p>\n\n\n\n<ol class=\"wp-block-list\">\n<li>Your CV<\/li>\n\n\n\n<li>A message or letter describing your previous research experiences and the reasons why you want to conduct research in this lab<\/li>\n<\/ol>\n\n\n\n<p><\/p>\n\n\n\n<h2 class=\"wp-block-heading\">Research course<\/h2>\n\n\n\n<p>New to research?<\/p>\n\n\n\n<p>Please consider enrolling in the PSY4907 course and completing your research hours with us! We will consider students yearly and do our best to match each application with the most suitable project at CORE (however, please note that we cannot guarantee acceptance). You can manifest your interest in this position at any time by contacting Dr. Capozzi at <a href=\"mailto:capozzi.francesca@uqam.ca\">capozzi.francesca@uqam.ca<\/a>; however, decisions\/acceptance will be confirmed only during the first weeks of the course.<\/p>\n\n\n\n<p><\/p>\n\n\n\n<p><\/p>\n\n\n\n<p><\/p>\n\n\n\n<h2 class=\"wp-block-heading\">Study participation<\/h2>\n\n\n\n<p>Would you like to participate in research studies? If so, please complete the information form by clicking the\u00a0<strong>\u201cParticipation\u201d<\/strong>\u00a0button below.<\/p>\n\n\n\n<div class=\"wp-block-buttons is-content-justification-left is-layout-flex wp-container-core-buttons-is-layout-fdcfc74e wp-block-buttons-is-layout-flex\">\n<div class=\"wp-block-button\"><a class=\"wp-block-button__link wp-element-button\" href=\"https:\/\/docs.google.com\/forms\/d\/e\/1FAIpQLSdYEtS3VccvsEoenxTiAL7BVm42943eoENewaC8jaGyhTljIg\/viewform?usp=header\" target=\"_blank\" rel=\"noreferrer noopener\">Participation<\/a><\/div>\n<\/div>\n\n\n\n<h2 class=\"wp-block-heading\"><\/h2>\n\n\n\n<p><\/p>\n\n\n\n<p>We will contact you when looking for help with our studies \u2013 and thanks for volunteering!<\/p>\n","protected":false},"excerpt":{"rendered":"<p>For questions or information about the laboratory and research projects, please contact us at: core.labo.uqam@gmail.com Honor thesis, doctorate, and postdoc At CORE, we consider candidacies for honor thesis, doctorate, and postdoc positions on an ongoing basis. If interested, please get in touch with Dr. Capozzi directly at capozzi.francesca@uqam.ca by specifying or providing the following: Please [&hellip;]<\/p>\n","protected":false},"author":317,"featured_media":0,"parent":0,"menu_order":0,"comment_status":"closed","ping_status":"closed","template":"","meta":{"footnotes":""},"categories":[],"class_list":["post-825","page","type-page","status-publish","hentry"],"yoast_head":"<!-- This site is optimized with the Yoast SEO Premium plugin v27.4 (Yoast SEO v27.4) - https:\/\/yoast.com\/product\/yoast-seo-premium-wordpress\/ -->\n<title>Participate | Laboratoire cognitions et relations | UQAM<\/title>\n<meta name=\"robots\" content=\"index, follow, max-snippet:-1, max-image-preview:large, max-video-preview:-1\" \/>\n<link rel=\"canonical\" href=\"https:\/\/core.uqam.ca\/en\/participate-2\/\" \/>\n<meta property=\"og:locale\" content=\"en_US\" \/>\n<meta property=\"og:type\" content=\"article\" \/>\n<meta property=\"og:title\" content=\"Participate\" \/>\n<meta property=\"og:description\" content=\"For questions or information about the laboratory and research projects, please contact us at: core.labo.uqam@gmail.com Honor thesis, doctorate, and postdoc At CORE, we consider candidacies for honor thesis, doctorate, and postdoc positions on an ongoing basis. If interested, please get in touch with Dr. Capozzi directly at capozzi.francesca@uqam.ca by specifying or providing the following: Please [&hellip;]\" \/>\n<meta property=\"og:url\" content=\"https:\/\/core.uqam.ca\/en\/participate-2\/\" \/>\n<meta property=\"og:site_name\" content=\"Laboratoire cognitions et relations\" \/>\n<meta property=\"article:modified_time\" content=\"2026-01-26T18:24:56+00:00\" \/>\n<meta name=\"twitter:card\" content=\"summary_large_image\" \/>\n<meta name=\"twitter:label1\" content=\"Est. reading time\" \/>\n\t<meta name=\"twitter:data1\" content=\"2 minutes\" \/>\n<script type=\"application\/ld+json\" class=\"yoast-schema-graph\">{\"@context\":\"https:\\\/\\\/schema.org\",\"@graph\":[{\"@type\":\"WebPage\",\"@id\":\"https:\\\/\\\/core.uqam.ca\\\/en\\\/participate-2\\\/\",\"url\":\"https:\\\/\\\/core.uqam.ca\\\/en\\\/participate-2\\\/\",\"name\":\"Participate | Laboratoire cognitions et relations | UQAM\",\"isPartOf\":{\"@id\":\"https:\\\/\\\/core.uqam.ca\\\/#website\"},\"datePublished\":\"2024-03-14T19:12:58+00:00\",\"dateModified\":\"2026-01-26T18:24:56+00:00\",\"breadcrumb\":{\"@id\":\"https:\\\/\\\/core.uqam.ca\\\/en\\\/participate-2\\\/#breadcrumb\"},\"inLanguage\":\"en-US\",\"potentialAction\":[{\"@type\":\"ReadAction\",\"target\":[\"https:\\\/\\\/core.uqam.ca\\\/en\\\/participate-2\\\/\"]}]},{\"@type\":\"BreadcrumbList\",\"@id\":\"https:\\\/\\\/core.uqam.ca\\\/en\\\/participate-2\\\/#breadcrumb\",\"itemListElement\":[{\"@type\":\"ListItem\",\"position\":1,\"name\":\"UQAM\",\"item\":\"https:\\\/\\\/uqam.ca\"},{\"@type\":\"ListItem\",\"position\":2,\"name\":\"Laboratoire cognitions et relations\",\"item\":\"https:\\\/\\\/core.uqam.ca\\\/en\\\/\"},{\"@type\":\"ListItem\",\"position\":3,\"name\":\"Participate\"}]},{\"@type\":\"WebSite\",\"@id\":\"https:\\\/\\\/core.uqam.ca\\\/#website\",\"url\":\"https:\\\/\\\/core.uqam.ca\\\/\",\"name\":\"Laboratoire cognitions et relations\",\"description\":\"\",\"publisher\":{\"@id\":\"https:\\\/\\\/core.uqam.ca\\\/#organization\"},\"potentialAction\":[{\"@type\":\"SearchAction\",\"target\":{\"@type\":\"EntryPoint\",\"urlTemplate\":\"https:\\\/\\\/core.uqam.ca\\\/en\\\/\\\/recherche\\\/?q={search_term_string}\"},\"query-input\":{\"@type\":\"PropertyValueSpecification\",\"valueRequired\":true,\"valueName\":\"search_term_string\"}}],\"inLanguage\":\"en-US\"},{\"@type\":\"Organization\",\"@id\":\"https:\\\/\\\/core.uqam.ca\\\/#organization\",\"name\":\"Laboratoire cognitions et relations\",\"url\":\"https:\\\/\\\/core.uqam.ca\\\/\",\"logo\":{\"@type\":\"ImageObject\",\"inLanguage\":\"en-US\",\"@id\":\"https:\\\/\\\/core.uqam.ca\\\/#\\\/schema\\\/logo\\\/image\\\/\",\"url\":\"https:\\\/\\\/gabarit-adaptatif.uqam.ca\\\/statique\\\/images\\\/logo-uqam.jpg\",\"contentUrl\":\"\",\"caption\":\"Laboratoire cognitions et relations\"},\"image\":{\"@id\":\"https:\\\/\\\/core.uqam.ca\\\/#\\\/schema\\\/logo\\\/image\\\/\"},\"parentOrganization\":{\"@type\":\"EducationalOrganization\",\"@id\":\"https:\\\/\\\/uqam.ca\\\/#organization\",\"name\":\"Universit\u00e9 du Qu\u00e9bec \u00e0 Montr\u00e9al\",\"url\":\"https:\\\/\\\/uqam.ca\",\"alternateName\":\"UQAM\",\"logo\":\"https:\\\/\\\/gabarit-adaptatif.uqam.ca\\\/statique\\\/images\\\/logo-uqam.jpg\"}}]}<\/script>\n<!-- \/ Yoast SEO Premium plugin. -->","yoast_head_json":{"title":"Participate | Laboratoire cognitions et relations | UQAM","robots":{"index":"index","follow":"follow","max-snippet":"max-snippet:-1","max-image-preview":"max-image-preview:large","max-video-preview":"max-video-preview:-1"},"canonical":"https:\/\/core.uqam.ca\/en\/participate-2\/","og_locale":"en_US","og_type":"article","og_title":"Participate","og_description":"For questions or information about the laboratory and research projects, please contact us at: core.labo.uqam@gmail.com Honor thesis, doctorate, and postdoc At CORE, we consider candidacies for honor thesis, doctorate, and postdoc positions on an ongoing basis. If interested, please get in touch with Dr. Capozzi directly at capozzi.francesca@uqam.ca by specifying or providing the following: Please [&hellip;]","og_url":"https:\/\/core.uqam.ca\/en\/participate-2\/","og_site_name":"Laboratoire cognitions et relations","article_modified_time":"2026-01-26T18:24:56+00:00","twitter_card":"summary_large_image","twitter_misc":{"Est. reading time":"2 minutes"},"schema":{"@context":"https:\/\/schema.org","@graph":[{"@type":"WebPage","@id":"https:\/\/core.uqam.ca\/en\/participate-2\/","url":"https:\/\/core.uqam.ca\/en\/participate-2\/","name":"Participate | Laboratoire cognitions et relations | UQAM","isPartOf":{"@id":"https:\/\/core.uqam.ca\/#website"},"datePublished":"2024-03-14T19:12:58+00:00","dateModified":"2026-01-26T18:24:56+00:00","breadcrumb":{"@id":"https:\/\/core.uqam.ca\/en\/participate-2\/#breadcrumb"},"inLanguage":"en-US","potentialAction":[{"@type":"ReadAction","target":["https:\/\/core.uqam.ca\/en\/participate-2\/"]}]},{"@type":"BreadcrumbList","@id":"https:\/\/core.uqam.ca\/en\/participate-2\/#breadcrumb","itemListElement":[{"@type":"ListItem","position":1,"name":"UQAM","item":"https:\/\/uqam.ca"},{"@type":"ListItem","position":2,"name":"Laboratoire cognitions et relations","item":"https:\/\/core.uqam.ca\/en\/"},{"@type":"ListItem","position":3,"name":"Participate"}]},{"@type":"WebSite","@id":"https:\/\/core.uqam.ca\/#website","url":"https:\/\/core.uqam.ca\/","name":"Laboratoire cognitions et relations","description":"","publisher":{"@id":"https:\/\/core.uqam.ca\/#organization"},"potentialAction":[{"@type":"SearchAction","target":{"@type":"EntryPoint","urlTemplate":"https:\/\/core.uqam.ca\/en\/\/recherche\/?q={search_term_string}"},"query-input":{"@type":"PropertyValueSpecification","valueRequired":true,"valueName":"search_term_string"}}],"inLanguage":"en-US"},{"@type":"Organization","@id":"https:\/\/core.uqam.ca\/#organization","name":"Laboratoire cognitions et relations","url":"https:\/\/core.uqam.ca\/","logo":{"@type":"ImageObject","inLanguage":"en-US","@id":"https:\/\/core.uqam.ca\/#\/schema\/logo\/image\/","url":"https:\/\/gabarit-adaptatif.uqam.ca\/statique\/images\/logo-uqam.jpg","contentUrl":"","caption":"Laboratoire cognitions et relations"},"image":{"@id":"https:\/\/core.uqam.ca\/#\/schema\/logo\/image\/"},"parentOrganization":{"@type":"EducationalOrganization","@id":"https:\/\/uqam.ca\/#organization","name":"Universit\u00e9 du Qu\u00e9bec \u00e0 Montr\u00e9al","url":"https:\/\/uqam.ca","alternateName":"UQAM","logo":"https:\/\/gabarit-adaptatif.uqam.ca\/statique\/images\/logo-uqam.jpg"}}]}},"_links":{"self":[{"href":"https:\/\/core.uqam.ca\/en\/wp-json\/wp\/v2\/pages\/825","targetHints":{"allow":["GET"]}}],"collection":[{"href":"https:\/\/core.uqam.ca\/en\/wp-json\/wp\/v2\/pages"}],"about":[{"href":"https:\/\/core.uqam.ca\/en\/wp-json\/wp\/v2\/types\/page"}],"author":[{"embeddable":true,"href":"https:\/\/core.uqam.ca\/en\/wp-json\/wp\/v2\/users\/317"}],"replies":[{"embeddable":true,"href":"https:\/\/core.uqam.ca\/en\/wp-json\/wp\/v2\/comments?post=825"}],"version-history":[{"count":9,"href":"https:\/\/core.uqam.ca\/en\/wp-json\/wp\/v2\/pages\/825\/revisions"}],"predecessor-version":[{"id":1687,"href":"https:\/\/core.uqam.ca\/en\/wp-json\/wp\/v2\/pages\/825\/revisions\/1687"}],"wp:attachment":[{"href":"https:\/\/core.uqam.ca\/en\/wp-json\/wp\/v2\/media?parent=825"}],"wp:term":[{"taxonomy":"category","embeddable":true,"href":"https:\/\/core.uqam.ca\/en\/wp-json\/wp\/v2\/categories?post=825"}],"curies":[{"name":"wp","href":"https:\/\/api.w.org\/{rel}","templated":true}]}}